{"id":23673,"date":"2023-08-23T16:08:03","date_gmt":"2023-08-23T14:08:03","guid":{"rendered":"https:\/\/www.pisoengranada.es\/facolta\/"},"modified":"2023-08-23T16:08:04","modified_gmt":"2023-08-23T14:08:04","slug":"facolta","status":"publish","type":"page","link":"https:\/\/www.pisoengranada.es\/it\/facolta\/","title":{"rendered":"Facolt\u00e0"},"content":{"rendered":"\t\t<div data-elementor-type=\"wp-page\" data-elementor-id=\"23673\" class=\"elementor elementor-23673 elementor-20165\">\n\t\t\t\t\t\t<section class=\"elementor-section elementor-top-section elementor-element elementor-element-c8df33a elementor-section-boxed elementor-section-height-default elementor-section-height-default\" data-id=\"c8df33a\" data-element_type=\"section\" data-e-type=\"section\" data-settings=\"{&quot;background_background&quot;:&quot;classic&quot;}\">\n\t\t\t\t\t\t<div class=\"elementor-container elementor-column-gap-default\">\n\t\t\t\t\t<div class=\"elementor-column elementor-col-100 elementor-top-column elementor-element elementor-element-417c9ff\" data-id=\"417c9ff\" data-element_type=\"column\" data-e-type=\"column\">\n\t\t\t<div class=\"elementor-widget-wrap elementor-element-populated\">\n\t\t\t\t\t\t<div class=\"elementor-element elementor-element-e82fa1d elementor-widget elementor-widget-heading\" data-id=\"e82fa1d\" data-element_type=\"widget\" data-e-type=\"widget\" data-widget_type=\"heading.default\">\n\t\t\t\t<div class=\"elementor-widget-container\">\n\t\t\t\t\t<h2 class=\"elementor-heading-title elementor-size-default\">Facolt\u00e0 e centri studi dell'UGR<\/h2>\t\t\t\t<\/div>\n\t\t\t\t<\/div>\n\t\t\t\t\t<\/div>\n\t\t<\/div>\n\t\t\t\t\t<\/div>\n\t\t<\/section>\n\t\t\t\t<section class=\"elementor-section elementor-top-section elementor-element elementor-element-6f58ada elementor-section-boxed elementor-section-height-default elementor-section-height-default\" data-id=\"6f58ada\" data-element_type=\"section\" data-e-type=\"section\">\n\t\t\t\t\t\t<div class=\"elementor-container elementor-column-gap-default\">\n\t\t\t\t\t<div class=\"elementor-column elementor-col-100 elementor-top-column elementor-element elementor-element-41ee45b\" data-id=\"41ee45b\" data-element_type=\"column\" data-e-type=\"column\">\n\t\t\t<div class=\"elementor-widget-wrap elementor-element-populated\">\n\t\t\t\t\t\t<div class=\"elementor-element elementor-element-7aed236 elementor-widget elementor-widget-image\" data-id=\"7aed236\" data-element_type=\"widget\" data-e-type=\"widget\" data-widget_type=\"image.default\">\n\t\t\t\t<div class=\"elementor-widget-container\">\n\t\t\t\t\t\t\t\t\t\t\t\t\t\t\t<img fetchpriority=\"high\" decoding=\"async\" width=\"300\" height=\"300\" src=\"https:\/\/www.pisoengranada.es\/wp-content\/uploads\/imagen-logo-ugr.gif\" class=\"attachment-large size-large wp-image-23675\" alt=\"\" srcset=\"\" \/>\t\t\t\t\t\t\t\t\t\t\t\t\t\t\t<\/div>\n\t\t\t\t<\/div>\n\t\t\t\t\t<\/div>\n\t\t<\/div>\n\t\t\t\t\t<\/div>\n\t\t<\/section>\n\t\t\t\t<section class=\"elementor-section elementor-top-section elementor-element elementor-element-80b83e6 elementor-section-boxed elementor-section-height-default elementor-section-height-default\" data-id=\"80b83e6\" data-element_type=\"section\" data-e-type=\"section\">\n\t\t\t\t\t\t<div class=\"elementor-container elementor-column-gap-default\">\n\t\t\t\t\t<div class=\"elementor-column elementor-col-100 elementor-top-column elementor-element elementor-element-d81f7b0\" data-id=\"d81f7b0\" data-element_type=\"column\" data-e-type=\"column\">\n\t\t\t<div class=\"elementor-widget-wrap elementor-element-populated\">\n\t\t\t\t\t\t<div class=\"elementor-element elementor-element-316807c elementor-widget elementor-widget-text-editor\" data-id=\"316807c\" data-element_type=\"widget\" data-e-type=\"widget\" data-widget_type=\"text-editor.default\">\n\t\t\t\t<div class=\"elementor-widget-container\">\n\t\t\t\t\t\t\t\t\t&nbsp;\n\n<span id=\"Campus_de_Cartuja\" class=\"mw-headline\">L&#8217;Universit\u00e0 di Granada \u00e8 divisa in 5 campus universitari sparsi in tutta la citt\u00e0. I nostri appartamenti hanno una posizione privilegiata per la loro vicinanza a ciascuno di essi:<\/span>\n<h2><span id=\"Campus_de_Cartuja\" class=\"mw-headline\">Campus de Cartuja<\/span><\/h2>\nHa il suo accesso attraverso il Paseo de Cartuja. I suoi centri educativi sono distribuiti nelle vicinanze del vecchio monastero dell&#8217;Assunzione, meglio conosciuto come la Cartuja de Granada, e sono:\n<ul>\n \t<li><a title=\"Facolt\u00e0 di Scienze Motorie di Granada\" href=\"https:\/\/es.wikipedia.org\/wiki\/Facultad_de_Ciencias_del_Deporte_de_Granada\" target=\"_blank\" rel=\"noopener\">Facolt\u00e0 di Scienze Motorie<\/a> &#8211; <a href=\"http:\/\/www.pisoengranada.es\/tag\/cartuja\/\">Camere vicino a questa facolt\u00e0<\/a><\/li>\n \t<li><a title=\"Facolt\u00e0 di Scienze Economiche e Commerciali di Granada\" href=\"https:\/\/es.wikipedia.org\/wiki\/Facultad_de_Ciencias_Econ%C3%B3micas_y_Empresariales_de_Granada\" target=\"_blank\" rel=\"noopener\">Facolt\u00e0 di Scienze Economiche e Aziendali<\/a> &#8211; <a href=\"http:\/\/www.pisoengranada.es\/tag\/cartuja\/\">Camere vicino a questa facolt\u00e0<\/a><\/li>\n \t<li><a title=\"Facolt\u00e0 di Scienze della Formazione di Granada\" href=\"https:\/\/es.wikipedia.org\/wiki\/Facultad_de_Ciencias_de_la_Educaci%C3%B3n_de_Granada\" target=\"_blank\" rel=\"noopener\">Facolt\u00e0 di Scienze della Formazione<\/a> &#8211; <a href=\"http:\/\/www.pisoengranada.es\/tag\/cartuja\/\">Camere vicino a questa facolt\u00e0<\/a><\/li>\n \t<li><a title=\"Facolt\u00e0 di Comunicazione e Documentazione di Granada\" href=\"https:\/\/es.wikipedia.org\/wiki\/Facultad_de_Comunicaci%C3%B3n_y_Documentaci%C3%B3n_de_Granada\" target=\"_blank\" rel=\"noopener\">Facolt\u00e0 di Comunicazione e Documentazione<\/a> &#8211; <a href=\"http:\/\/www.pisoengranada.es\/tag\/cartuja\/\">Sale vicino a questa facolt\u00e0<\/a><\/li>\n \t<li><a title=\"Facolt\u00e0 di Farmacia di Granada\" href=\"https:\/\/es.wikipedia.org\/wiki\/Facultad_de_Farmacia_de_Granada\" target=\"_blank\" rel=\"noopener\">Facolt\u00e0 di Farmacia<\/a> &#8211; <a href=\"http:\/\/www.pisoengranada.es\/tag\/cartuja\/\">Camere vicino a questa facolt\u00e0<\/a><\/li>\n \t<li><a title=\"Facolt\u00e0 di Filosofia e Lettere di Granada\" href=\"https:\/\/es.wikipedia.org\/wiki\/Facultad_de_Filosof%C3%ADa_y_Letras_de_Granada\" target=\"_blank\" rel=\"noopener\">Facolt\u00e0 di Lettere e Filosofia<\/a> &#8211; <a href=\"http:\/\/www.pisoengranada.es\/tag\/cartuja\/\">Camere vicino a questa facolt\u00e0<\/a><\/li>\n \t<li><a title=\"Facolt\u00e0 di Odontoiatria di Granada\" href=\"https:\/\/es.wikipedia.org\/wiki\/Facultad_de_Odontolog%C3%ADa_de_Granada\" target=\"_blank\" rel=\"noopener\">Facolt\u00e0 di Odontoiatria<\/a> &#8211; <a href=\"http:\/\/www.pisoengranada.es\/tag\/cartuja\/\">Camere vicino a questa facolt\u00e0<\/a><\/li>\n \t<li><a title=\"Facolt\u00e0 di Psicologia di Granada\" href=\"https:\/\/es.wikipedia.org\/wiki\/Facultad_de_Psicolog%C3%ADa_de_Granada\" target=\"_blank\" rel=\"noopener\">Facolt\u00e0 di Psicologia<\/a> &#8211; <a href=\"http:\/\/www.pisoengranada.es\/tag\/cartuja\/\">Camere vicino a questa facolt\u00e0<\/a><\/li>\n<\/ul>\nIl nostro appartamento Cartuja si trova a soli 15 minuti a piedi dal <strong>Campus<\/strong> <strong><a href=\"http:\/\/www.pisoengranada.es\/caracteristicas-piso-en-cartuja\/\">Cartuja<\/a><\/strong>, essendo uno dei piani pi\u00f9 vicini a quella posizione.\n<h2><span id=\"Campus_Centro\" class=\"mw-headline\">Centro Campus<\/span><\/h2>\n\u00c8 un campus urbano, i cui centri sono distribuiti in diverse parti del centro della citt\u00e0 di Granada. Le seguenti facolt\u00e0 si trovano in questo campus:\n<ul>\n \t<li><a title=\"Facolt\u00e0 di Architettura (Universit\u00e0 di Granada)\" href=\"https:\/\/es.wikipedia.org\/wiki\/Escuela_T%C3%A9cnica_Superior_de_Arquitectura_(Universidad_de_Granada)\" target=\"_blank\" rel=\"noopener\">Escuela T\u00e9cnica Superior de Arquitectura<\/a> &#8211; <a href=\"http:\/\/www.pisoengranada.es\/tag\/centro\/\">Camere vicino a questa facolt\u00e0<\/a><\/li>\n \t<li><a title=\"Facolt\u00e0 di Scienze Politiche e Sociologia di Granada\" href=\"https:\/\/es.wikipedia.org\/wiki\/Facultad_de_Ciencias_Pol%C3%ADticas_y_Sociolog%C3%ADa_de_Granada\" target=\"_blank\" rel=\"noopener\">Facolt\u00e0 di Scienze Politiche e Sociologia<\/a> &#8211; <a href=\"http:\/\/www.pisoengranada.es\/tag\/centro\/\">Camere vicino a questa facolt\u00e0<\/a><\/li>\n \t<li><a title=\"Facolt\u00e0 di Scienze del Lavoro di Granada\" href=\"https:\/\/es.wikipedia.org\/wiki\/Facultad_de_Ciencias_del_Trabajo_de_Granada\" target=\"_blank\" rel=\"noopener\">Facolt\u00e0 di Scienze del Lavoro<\/a> &#8211; <a href=\"http:\/\/www.pisoengranada.es\/tag\/centro\/\">Camere vicino a questa facolt\u00e0<\/a><\/li>\n \t<li><a title=\"Facolt\u00e0 di Giurisprudenza di Granada\" href=\"https:\/\/es.wikipedia.org\/wiki\/Facultad_de_Derecho_de_Granada\" target=\"_blank\" rel=\"noopener\">Facolt\u00e0 di Giurisprudenza<\/a> &#8211; <a href=\"http:\/\/www.pisoengranada.es\/tag\/centro\/\">Camere vicino a questa facolt\u00e0<\/a><\/li>\n \t<li><a title=\"Facolt\u00e0 di Lavoro Sociale di Granada\" href=\"https:\/\/es.wikipedia.org\/wiki\/Facultad_de_Trabajo_Social_de_Granada\" target=\"_blank\" rel=\"noopener\">Facolt\u00e0 di Lavoro Sociale<\/a> &#8211; <a href=\"http:\/\/www.pisoengranada.es\/tag\/centro\/\">Stanze vicino a questa facolt\u00e0<\/a><\/li>\n \t<li><a title=\"Facolt\u00e0 di Traduzione e Interpretariato dell'Universit\u00e0 di Granada\" href=\"https:\/\/es.wikipedia.org\/wiki\/Facultad_de_Traducci%C3%B3n_e_Interpretaci%C3%B3n_de_la_Universidad_de_Granada\">Facolt\u00e0 di Traduzione e Interpretariato<\/a> &#8211; <a href=\"http:\/\/www.pisoengranada.es\/tag\/centro\/\">Camere vicino a questa facolt\u00e0<\/a><\/li>\n<\/ul>\nIl nostro <a href=\"\/caracteristicas-piso-estudiantes-centro-granada\/\">\n  <strong>appartamento nel<\/strong>\n<\/a> centro del centro di Granada \u00e8 tra 2 e 5 minuti a piedi da tutte queste facolt\u00e0 che sono sparse in tutto il centro della citt\u00e0.\n<h2><span id=\"Campus_de_Fuentenueva\" class=\"mw-headline\">Campus de Fuentenueva<\/span><\/h2>\nChiamato anche Science Campus. Si trova in via Doctor Severo Ochoa, vicino alla stazione ferroviaria di Granada, avendo anche accesso dal Camino de Ronda, attraverso Gonzalo Gallas Street. I centri che lo compongono sono:\n<ul>\n \t<li><a title=\"Facolt\u00e0 di Scienze di Granada\" href=\"https:\/\/es.wikipedia.org\/wiki\/Facultad_de_Ciencias_de_Granada\" target=\"_blank\" rel=\"noopener\">Facolt\u00e0 di Scienze<\/a> &#8211; <a href=\"http:\/\/www.pisoengranada.es\/tag\/centro\/\">Camere vicino a questa facolt\u00e0<\/a><\/li>\n \t<li><a title=\"Scuola di Ingegneria Edile di Granada\" href=\"https:\/\/es.wikipedia.org\/wiki\/Escuela_T%C3%A9cnica_Superior_de_Ingenier%C3%ADa_de_Edificaci%C3%B3n_de_Granada\" target=\"_blank\" rel=\"noopener\">Escuela T\u00e9cnica Superior de Ingenier\u00eda de la Edificaci\u00f3n<\/a> &#8211; <a href=\"http:\/\/www.pisoengranada.es\/tag\/centro\/\">Camere vicino a questa facolt\u00e0<\/a><\/li>\n \t<li><a title=\"Scuola di Ingegneria Civile di Granada\" href=\"https:\/\/es.wikipedia.org\/wiki\/Escuela_T%C3%A9cnica_Superior_de_Ingenier%C3%ADa_de_Caminos,_Canales_y_Puertos_de_Granada\" target=\"_blank\" rel=\"noopener\">Escuela T\u00e9cnica Superior de Ingenier\u00eda de Caminos, Canals y Puertos<\/a> &#8211; <a href=\"http:\/\/www.pisoengranada.es\/tag\/centro\/\">Camere vicino a questa facolt\u00e0<\/a><\/li>\n<\/ul>\nNel campus di Fuentenueva si trovano anche centri di ricerca scientifica e strutture sportive e ricreative. \u00c8 attraversato dal noto Parco Universitario di Fuentenueva, che comunica in linea retta il Camino de Ronda con il centro della citt\u00e0. Il Campus Fuentenueva ospita una delle fermate della metropolitana di Granada.\n\nIl nostro appartamento nel centro del <a href=\"\/caracteristicas-piso-estudiantes-centro-granada\/\">\n  <strong>centro<\/strong>\n<\/a> di Granada si trova a soli 12 minuti a piedi da questo campus.\n<h2><span id=\"Campus_de_Aynadamar\" class=\"mw-headline\">Campus de Aynadamar<\/span><\/h2>\nSi trova nel quartiere Cerrillo di Maracena, alla periferia della citt\u00e0. Cosa la rende una zona poco adatta alla vita:\n<ul>\n \t<li><a title=\"Facolt\u00e0 di Belle Arti di Granada\" href=\"https:\/\/es.wikipedia.org\/wiki\/Facultad_de_Bellas_Artes_de_Granada\" target=\"_blank\" rel=\"noopener\">Facolt\u00e0 di Belle Arti<\/a> &#8211; <a href=\"http:\/\/www.pisoengranada.es\/tag\/centro\/\">Camere vicino a questa facolt\u00e0<\/a><\/li>\n \t<li><a title=\"Scuola di Ingegneria Informatica e delle Telecomunicazioni di Granada\" href=\"https:\/\/es.wikipedia.org\/wiki\/Escuela_T%C3%A9cnica_Superior_de_Ingenier%C3%ADas_Inform%C3%A1tica_y_de_Telecomunicaci%C3%B3n_de_Granada\" target=\"_blank\" rel=\"noopener\">Escuela T\u00e9cnica Superior de Ingenier\u00edas Inform\u00e1tica y de Telecomunicaci\u00f3n<\/a> &#8211; <a href=\"http:\/\/www.pisoengranada.es\/tag\/chana\/\">Camere vicino a questa facolt\u00e0<\/a><\/li>\n \t<li><a title=\"Medac Granada\" href=\"https:\/\/medac.es\/fp-granada\" target=\"_blank\" rel=\"noopener\">Medac Granada<\/a> &#8211; <a href=\"http:\/\/www.pisoengranada.es\/tag\/chana\/\">Camere vicino a questo centro<\/a><\/li>\n<\/ul>\nIl modo pi\u00f9 veloce per raggiungere questo campus dai nostri appartamenti \u00e8 utilizzare la linea di autobus urbani <strong>U1<\/strong> dal nostro appartamento <strong><a href=\"\/caracteristicas-piso-en-cartuja\/\">Cartuja<\/a> <\/strong>e la <strong>N3<\/strong> e la linea metropolitana urbana dal nostro <a href=\"\/caracteristicas-piso-estudiantes-centro-granada\/\">\n  <strong>appartamento in centro<\/strong>\n<\/a>\n<h2><span id=\"Campus_Ciencias_de_la_Salud\" class=\"mw-headline\">Campus di Scienze della Salute<\/span><\/h2>\n\u00c8 integrato nel <a title=\"Parco Tecnologico delle Scienze della Salute\" href=\"https:\/\/es.wikipedia.org\/wiki\/Parque_Tecnol%C3%B3gico_de_Ciencias_de_la_Salud\">Parco Tecnologico delle Scienze della Salute<\/a>, un complesso situato alla periferia della capitale Granada. Si tratta di uno spazio tecnologico innovativo specializzato nella ricerca e sviluppo di industrie farmaceutiche, biosanitarie e agroalimentari, che attualmente conta pi\u00f9 di dodici centri di ricerca operativi e quasi un centinaio di aziende e istituzioni.\n\nIn questo campus si trovano i centri che insegnano gli studi delle scienze della salute e sono:\n<ul>\n \t<li><a title=\"Facolt\u00e0 di Scienze della Salute dell'Universit\u00e0 di Granada\" href=\"https:\/\/es.wikipedia.org\/wiki\/Facultad_de_Ciencias_de_la_Salud_de_la_Universidad_de_Granada\" target=\"_blank\" rel=\"noopener\">Facolt\u00e0 di Scienze della Salute<\/a> &#8211; <a href=\"http:\/\/www.pisoengranada.es\/tag\/centro\/\">Camere vicino a questa facolt\u00e0<\/a><\/li>\n \t<li><a title=\"Facolt\u00e0 di Medicina dell'Universit\u00e0 di Granada\" href=\"https:\/\/es.wikipedia.org\/wiki\/Facultad_de_Medicina_de_la_Universidad_de_Granada\" target=\"_blank\" rel=\"noopener\">Facolt\u00e0 di Medicina<\/a> &#8211; <a href=\"http:\/\/www.pisoengranada.es\/tag\/centro\/\">Camere vicino a questa facolt\u00e0<\/a><\/li>\n<\/ul>\nPresto le Facolt\u00e0 di <a title=\"Facolt\u00e0 di Farmacia dell'Universit\u00e0 di Granada\" href=\"https:\/\/es.wikipedia.org\/wiki\/Facultad_de_Farmacia_de_la_Universidad_de_Granada\">Farmacia<\/a> e <a title=\"Facolt\u00e0 di Odontoiatria dell'Universit\u00e0 di Granada\" href=\"https:\/\/es.wikipedia.org\/wiki\/Facultad_de_Odontolog%C3%ADa_de_la_Universidad_de_Granada\">Odontoiatria<\/a> si trasferiranno in questo campus.\n\nAttualmente non \u00e8 possibile vivere in questa zona, quindi ti consigliamo di raggiungere questo campus dai nostri appartamenti utilizzando la linea di autobus urbani <strong>U3<\/strong> e la linea metropolitana urbana dal nostro appartamento <strong><a href=\"\/caracteristicas-piso-en-cartuja\/\">Cartuja<\/a> <\/strong>e la <strong>SN4<\/strong> dal nostro <a href=\"\/caracteristicas-piso-estudiantes-centro-granada\/\">\n  <strong>appartamento in centro<\/strong>\n<\/a>\n\t\t\t\t\t\t\t\t<\/div>\n\t\t\t\t<\/div>\n\t\t\t\t\t<\/div>\n\t\t<\/div>\n\t\t\t\t\t<\/div>\n\t\t<\/section>\n\t\t\t\t<section class=\"elementor-section elementor-top-section elementor-element elementor-element-8b82328 elementor-section-boxed elementor-section-height-default elementor-section-height-default\" data-id=\"8b82328\" data-element_type=\"section\" data-e-type=\"section\">\n\t\t\t\t\t\t<div class=\"elementor-container elementor-column-gap-default\">\n\t\t\t\t\t<div class=\"elementor-column elementor-col-100 elementor-top-column elementor-element elementor-element-6ccf185\" data-id=\"6ccf185\" data-element_type=\"column\" data-e-type=\"column\">\n\t\t\t<div class=\"elementor-widget-wrap elementor-element-populated\">\n\t\t\t\t\t\t<div class=\"elementor-element elementor-element-7f98441 elementor-widget elementor-widget-heading\" data-id=\"7f98441\" data-element_type=\"widget\" data-e-type=\"widget\" data-widget_type=\"heading.default\">\n\t\t\t\t<div class=\"elementor-widget-container\">\n\t\t\t\t\t<h2 class=\"elementor-heading-title elementor-size-default\"><h2 style=\"text-transform: none\">Posizione del nostro appartamento&nbsp; in centro<\/h2><\/h2>\t\t\t\t<\/div>\n\t\t\t\t<\/div>\n\t\t\t\t\t<\/div>\n\t\t<\/div>\n\t\t\t\t\t<\/div>\n\t\t<\/section>\n\t\t\t\t<section class=\"elementor-section elementor-top-section elementor-element elementor-element-f5d1976 elementor-section-boxed elementor-section-height-default elementor-section-height-default\" data-id=\"f5d1976\" data-element_type=\"section\" data-e-type=\"section\">\n\t\t\t\t\t\t<div class=\"elementor-container elementor-column-gap-default\">\n\t\t\t\t\t<div class=\"elementor-column elementor-col-100 elementor-top-column elementor-element elementor-element-17dc2a4\" data-id=\"17dc2a4\" data-element_type=\"column\" data-e-type=\"column\">\n\t\t\t<div class=\"elementor-widget-wrap elementor-element-populated\">\n\t\t\t\t\t\t<div class=\"elementor-element elementor-element-001b367 elementor-widget elementor-widget-image\" data-id=\"001b367\" data-element_type=\"widget\" data-e-type=\"widget\" data-widget_type=\"image.default\">\n\t\t\t\t<div class=\"elementor-widget-container\">\n\t\t\t\t\t\t\t\t\t\t\t\t\t\t\t<img decoding=\"async\" width=\"960\" height=\"534\" src=\"https:\/\/www.pisoengranada.es\/wp-content\/uploads\/mapa-centro.png\" class=\"attachment-large size-large wp-image-23674\" alt=\"\" srcset=\"https:\/\/www.pisoengranada.es\/wp-content\/uploads\/mapa-centro.png 960w, https:\/\/www.pisoengranada.es\/wp-content\/uploads\/mapa-centro-300x167.png 300w, https:\/\/www.pisoengranada.es\/wp-content\/uploads\/mapa-centro-768x427.png 768w, https:\/\/www.pisoengranada.es\/wp-content\/uploads\/mapa-centro-496x276.png 496w, https:\/\/www.pisoengranada.es\/wp-content\/uploads\/mapa-centro-600x334.png 600w\" sizes=\"(max-width: 960px) 100vw, 960px\" \/>\t\t\t\t\t\t\t\t\t\t\t\t\t\t\t<\/div>\n\t\t\t\t<\/div>\n\t\t\t\t<div class=\"elementor-element elementor-element-03561cb elementor-align-center elementor-widget elementor-widget-button\" data-id=\"03561cb\" data-element_type=\"widget\" data-e-type=\"widget\" data-widget_type=\"button.default\">\n\t\t\t\t<div class=\"elementor-widget-container\">\n\t\t\t\t\t\t\t\t\t<div class=\"elementor-button-wrapper\">\n\t\t\t\t\t<a class=\"elementor-button elementor-button-link elementor-size-sm\" href=\"https:\/\/binged.it\/2iZZyzy\">\n\t\t\t\t\t\t<span class=\"elementor-button-content-wrapper\">\n\t\t\t\t\t\t\t\t\t<span class=\"elementor-button-text\">Vedi la mappa nella pagina per controllare gli orari<\/span>\n\t\t\t\t\t<\/span>\n\t\t\t\t\t<\/a>\n\t\t\t\t<\/div>\n\t\t\t\t\t\t\t\t<\/div>\n\t\t\t\t<\/div>\n\t\t\t\t\t<\/div>\n\t\t<\/div>\n\t\t\t\t\t<\/div>\n\t\t<\/section>\n\t\t\t\t<section class=\"elementor-section elementor-top-section elementor-element elementor-element-dbe1f81 elementor-section-boxed elementor-section-height-default elementor-section-height-default\" data-id=\"dbe1f81\" data-element_type=\"section\" data-e-type=\"section\">\n\t\t\t\t\t\t<div class=\"elementor-container elementor-column-gap-default\">\n\t\t\t\t\t<div class=\"elementor-column elementor-col-100 elementor-top-column elementor-element elementor-element-c86431b\" data-id=\"c86431b\" data-element_type=\"column\" data-e-type=\"column\">\n\t\t\t<div class=\"elementor-widget-wrap elementor-element-populated\">\n\t\t\t\t\t\t<div class=\"elementor-element elementor-element-1a394d3 elementor-widget elementor-widget-text-editor\" data-id=\"1a394d3\" data-element_type=\"widget\" data-e-type=\"widget\" data-widget_type=\"text-editor.default\">\n\t\t\t\t<div class=\"elementor-widget-container\">\n\t\t\t\t\t\t\t\t\t<h2 style=\"text-transform: none;\">Posizione del nostro appartamento nel Campus Cartuja<\/h2>\n\t\t\t\t\t\t\t\t<\/div>\n\t\t\t\t<\/div>\n\t\t\t\t\t<\/div>\n\t\t<\/div>\n\t\t\t\t\t<\/div>\n\t\t<\/section>\n\t\t\t\t<section class=\"elementor-section elementor-top-section elementor-element elementor-element-ee51adf elementor-section-boxed elementor-section-height-default elementor-section-height-default\" data-id=\"ee51adf\" data-element_type=\"section\" data-e-type=\"section\">\n\t\t\t\t\t\t<div class=\"elementor-container elementor-column-gap-default\">\n\t\t\t\t\t<div class=\"elementor-column elementor-col-100 elementor-top-column elementor-element elementor-element-6b01eeb\" data-id=\"6b01eeb\" data-element_type=\"column\" data-e-type=\"column\">\n\t\t\t<div class=\"elementor-widget-wrap elementor-element-populated\">\n\t\t\t\t\t\t<div class=\"elementor-element elementor-element-8bed940 elementor-widget elementor-widget-image\" data-id=\"8bed940\" data-element_type=\"widget\" data-e-type=\"widget\" data-widget_type=\"image.default\">\n\t\t\t\t<div class=\"elementor-widget-container\">\n\t\t\t\t\t\t\t\t\t\t\t\t\t\t\t<img decoding=\"async\" width=\"960\" height=\"556\" src=\"https:\/\/www.pisoengranada.es\/wp-content\/uploads\/mapa-cartuja.png\" class=\"attachment-large size-large wp-image-23679\" alt=\"\" srcset=\"https:\/\/www.pisoengranada.es\/wp-content\/uploads\/mapa-cartuja.png 960w, https:\/\/www.pisoengranada.es\/wp-content\/uploads\/mapa-cartuja-300x174.png 300w, https:\/\/www.pisoengranada.es\/wp-content\/uploads\/mapa-cartuja-768x445.png 768w, https:\/\/www.pisoengranada.es\/wp-content\/uploads\/mapa-cartuja-496x287.png 496w, https:\/\/www.pisoengranada.es\/wp-content\/uploads\/mapa-cartuja-600x348.png 600w\" sizes=\"(max-width: 960px) 100vw, 960px\" \/>\t\t\t\t\t\t\t\t\t\t\t\t\t\t\t<\/div>\n\t\t\t\t<\/div>\n\t\t\t\t<div class=\"elementor-element elementor-element-8545a23 elementor-align-center elementor-widget elementor-widget-button\" data-id=\"8545a23\" data-element_type=\"widget\" data-e-type=\"widget\" data-widget_type=\"button.default\">\n\t\t\t\t<div class=\"elementor-widget-container\">\n\t\t\t\t\t\t\t\t\t<div class=\"elementor-button-wrapper\">\n\t\t\t\t\t<a class=\"elementor-button elementor-button-link elementor-size-sm\" href=\"https:\/\/binged.it\/2iF1wJq\">\n\t\t\t\t\t\t<span class=\"elementor-button-content-wrapper\">\n\t\t\t\t\t\t\t\t\t<span class=\"elementor-button-text\">Vedi la mappa nella pagina per controllare gli orari<\/span>\n\t\t\t\t\t<\/span>\n\t\t\t\t\t<\/a>\n\t\t\t\t<\/div>\n\t\t\t\t\t\t\t\t<\/div>\n\t\t\t\t<\/div>\n\t\t\t\t\t<\/div>\n\t\t<\/div>\n\t\t\t\t\t<\/div>\n\t\t<\/section>\n\t\t\t\t<\/div>\n\t\t","protected":false},"excerpt":{"rendered":"<p>Facolt\u00e0 e centri studi dell&#8217;UGR &nbsp; L&#8217;Universit\u00e0 di Granada \u00e8 divisa in 5 campus universitari sparsi in tutta la citt\u00e0. I nostri appartamenti hanno una posizione privilegiata per la loro vicinanza a ciascuno di essi: Campus de Cartuja Ha il suo accesso attraverso il Paseo de Cartuja. I suoi centri educativi sono distribuiti nelle vicinanze [&hellip;]<\/p>\n","protected":false},"author":1,"featured_media":0,"parent":0,"menu_order":0,"comment_status":"closed","ping_status":"closed","template":"template\/template-homepage.php","meta":{"footnotes":""},"class_list":["post-23673","page","type-page","status-publish","hentry"],"_links":{"self":[{"href":"https:\/\/www.pisoengranada.es\/it\/wp-json\/wp\/v2\/pages\/23673","targetHints":{"allow":["GET"]}}],"collection":[{"href":"https:\/\/www.pisoengranada.es\/it\/wp-json\/wp\/v2\/pages"}],"about":[{"href":"https:\/\/www.pisoengranada.es\/it\/wp-json\/wp\/v2\/types\/page"}],"author":[{"embeddable":true,"href":"https:\/\/www.pisoengranada.es\/it\/wp-json\/wp\/v2\/users\/1"}],"replies":[{"embeddable":true,"href":"https:\/\/www.pisoengranada.es\/it\/wp-json\/wp\/v2\/comments?post=23673"}],"version-history":[{"count":0,"href":"https:\/\/www.pisoengranada.es\/it\/wp-json\/wp\/v2\/pages\/23673\/revisions"}],"wp:attachment":[{"href":"https:\/\/www.pisoengranada.es\/it\/wp-json\/wp\/v2\/media?parent=23673"}],"curies":[{"name":"wp","href":"https:\/\/api.w.org\/{rel}","templated":true}]}}