{"id":23617,"date":"2023-08-23T16:07:54","date_gmt":"2023-08-23T14:07:54","guid":{"rendered":"https:\/\/www.pisoengranada.es\/orario-chana\/"},"modified":"2023-08-23T16:07:54","modified_gmt":"2023-08-23T14:07:54","slug":"orario-chana","status":"publish","type":"page","link":"https:\/\/www.pisoengranada.es\/it\/orario-chana\/","title":{"rendered":"Orario Chana"},"content":{"rendered":"\t\t<div data-elementor-type=\"wp-page\" data-elementor-id=\"23617\" class=\"elementor elementor-23617 elementor-20135\">\n\t\t\t\t\t\t<section class=\"elementor-section elementor-top-section elementor-element elementor-element-34d00d4 elementor-section-boxed elementor-section-height-default elementor-section-height-default\" data-id=\"34d00d4\" data-element_type=\"section\">\n\t\t\t\t\t\t<div class=\"elementor-container elementor-column-gap-default\">\n\t\t\t\t\t<div class=\"elementor-column elementor-col-100 elementor-top-column elementor-element elementor-element-dbcf3be\" data-id=\"dbcf3be\" data-element_type=\"column\">\n\t\t\t<div class=\"elementor-widget-wrap elementor-element-populated\">\n\t\t\t\t\t\t<div class=\"elementor-element elementor-element-5dd0bd2 elementor-widget elementor-widget-text-editor\" data-id=\"5dd0bd2\" data-element_type=\"widget\" data-widget_type=\"text-editor.default\">\n\t\t\t\t<div class=\"elementor-widget-container\">\n\t\t\t\t\t\t\t\t\tIl nostro appartamento \u00e8 vicino a molte facolt\u00e0:\n\nLa posizione della mappa \u00e8 approssimativa Visualizza grande\n\nIl nostro appartamento si trova a Granada, in via Doctor Vaca Castro nel Barrio de la Chana, a 5 minuti da <strong>Informatica e Telecomunicazioni, Belle Arti e Medac.<\/strong>\n\nIn una zona dove si possono trovare negozi, ristoranti, caff\u00e8 e <strong>un&#8217;atmosfera totalmente studentesca<\/strong>, in quanto si trova vicino alla principale area di tapas di Granada.\nAccanto al nostro appartamento ci sono<strong> diverse fermate di autobus<\/strong> disponibili. Qui puoi controllare la <a href=\"http:\/\/www.transportesrober.com\/transporte\/planos.htm\" target=\"_blank\" rel=\"noopener noreferrer\">planimetria<\/a>\n<ul>\n \t<li><strong>Linea 4<\/strong><\/li>\n \t<li><strong>Linea 9<\/strong><\/li>\n \t<li><strong>Linea 11<\/strong><\/li>\n \t<li><strong>Linea 111<\/strong><\/li>\n<\/ul>\t\t\t\t\t\t\t\t<\/div>\n\t\t\t\t<\/div>\n\t\t\t\t\t<\/div>\n\t\t<\/div>\n\t\t\t\t\t<\/div>\n\t\t<\/section>\n\t\t\t\t<\/div>\n\t\t","protected":false},"excerpt":{"rendered":"<p>Il nostro appartamento \u00e8 vicino a molte facolt\u00e0: La posizione della mappa \u00e8 approssimativa Visualizza grande Il nostro appartamento si trova a Granada, in via Doctor Vaca Castro nel Barrio de la Chana, a 5 minuti da Informatica e Telecomunicazioni, Belle Arti e Medac. In una zona dove si possono trovare negozi, ristoranti, caff\u00e8 e [&hellip;]<\/p>\n","protected":false},"author":1,"featured_media":0,"parent":0,"menu_order":0,"comment_status":"closed","ping_status":"closed","template":"","meta":{"footnotes":""},"class_list":["post-23617","page","type-page","status-publish","hentry"],"_links":{"self":[{"href":"https:\/\/www.pisoengranada.es\/it\/wp-json\/wp\/v2\/pages\/23617","targetHints":{"allow":["GET"]}}],"collection":[{"href":"https:\/\/www.pisoengranada.es\/it\/wp-json\/wp\/v2\/pages"}],"about":[{"href":"https:\/\/www.pisoengranada.es\/it\/wp-json\/wp\/v2\/types\/page"}],"author":[{"embeddable":true,"href":"https:\/\/www.pisoengranada.es\/it\/wp-json\/wp\/v2\/users\/1"}],"replies":[{"embeddable":true,"href":"https:\/\/www.pisoengranada.es\/it\/wp-json\/wp\/v2\/comments?post=23617"}],"version-history":[{"count":0,"href":"https:\/\/www.pisoengranada.es\/it\/wp-json\/wp\/v2\/pages\/23617\/revisions"}],"wp:attachment":[{"href":"https:\/\/www.pisoengranada.es\/it\/wp-json\/wp\/v2\/media?parent=23617"}],"curies":[{"name":"wp","href":"https:\/\/api.w.org\/{rel}","templated":true}]}}