{"id":23614,"date":"2023-08-23T16:07:54","date_gmt":"2023-08-23T14:07:54","guid":{"rendered":"https:\/\/www.pisoengranada.es\/area-del-centro\/"},"modified":"2023-08-23T16:07:54","modified_gmt":"2023-08-23T14:07:54","slug":"area-del-centro","status":"publish","type":"page","link":"https:\/\/www.pisoengranada.es\/it\/area-del-centro\/","title":{"rendered":"Area del centro"},"content":{"rendered":"<p>La posizione del nostro appartamento \u00e8 imbattibile a Granada:<\/p>\n<figure id=\"attachment_495\" aria-describedby=\"caption-attachment-495\" style=\"width: 600px\" class=\"wp-caption aligncenter\"><a href=\"http:\/\/www.pisoengranada.es\/wp-content\/uploads\/2017\/01\/mapa_arandas.png\" target=\"_blank\" rel=\"noopener noreferrer\"><img fetchpriority=\"high\" decoding=\"async\" class=\"wp-image-495 size-medium_large\" src=\"http:\/\/www.pisoengranada.es\/wp-content\/uploads\/2017\/01\/mapa_arandas-768x427.png\" width=\"600\" height=\"334\"><\/a><figcaption id=\"caption-attachment-495\" class=\"wp-caption-text\">Mappa Facolt\u00e0 Campus Scienze Fuentenueva Granada<\/figcaption><\/figure>\n<blockquote><p>La posizione della mappa \u00e8 approssimativa&nbsp;<a href=\"https:\/\/binged.it\/2iZZyzy\" target=\"_blank\" rel=\"noopener noreferrer\">Vista in grande<\/a><\/p><\/blockquote>\n<p>I nostri appartamenti sono situati nel <strong>cuore di Granada<\/strong>, vicino alla Facolt\u00e0 di Giurisprudenza e molto vicino al <strong>Campus di Fuentenueva<\/strong>. Si trova a soli 5 minuti a piedi dalla <strong>Cattedrale di Granada<\/strong>.<\/p>\n<p>In una zona dove si possono trovare negozi, ristoranti, caff\u00e8 e un <strong>ambiente totalmente studentesco<\/strong> Aree ricreative, marcia e un&#8217;atmosfera universitaria per essere nel cuore della campagna urbana.<br \/>\nAccanto al &nbsp;nostro appartamento avete a disposizione <strong>tutte le fermate degli autobus<\/strong>. Qui puoi controllare <a href=\"http:\/\/www.transportesrober.com\/transporte\/lineas.htm\" target=\"_blank\" rel=\"noopener noreferrer\">il piano delle linee<\/a>. E non pi\u00f9 di 10 minuti a piedi hai la fermata pi\u00f9 vicina della futura metropolitana e la stazione ferroviaria di Granada<\/p>\n","protected":false},"excerpt":{"rendered":"<p>La posizione del nostro appartamento \u00e8 imbattibile a Granada: La posizione della mappa \u00e8 approssimativa&nbsp;Vista in grande I nostri appartamenti sono situati nel cuore di Granada, vicino alla Facolt\u00e0 di Giurisprudenza e molto vicino al Campus di Fuentenueva. Si trova a soli 5 minuti a piedi dalla Cattedrale di Granada. In una zona dove si [&hellip;]<\/p>\n","protected":false},"author":1,"featured_media":0,"parent":0,"menu_order":0,"comment_status":"closed","ping_status":"closed","template":"template\/template-page.php","meta":{"footnotes":""},"class_list":["post-23614","page","type-page","status-publish","hentry"],"_links":{"self":[{"href":"https:\/\/www.pisoengranada.es\/it\/wp-json\/wp\/v2\/pages\/23614","targetHints":{"allow":["GET"]}}],"collection":[{"href":"https:\/\/www.pisoengranada.es\/it\/wp-json\/wp\/v2\/pages"}],"about":[{"href":"https:\/\/www.pisoengranada.es\/it\/wp-json\/wp\/v2\/types\/page"}],"author":[{"embeddable":true,"href":"https:\/\/www.pisoengranada.es\/it\/wp-json\/wp\/v2\/users\/1"}],"replies":[{"embeddable":true,"href":"https:\/\/www.pisoengranada.es\/it\/wp-json\/wp\/v2\/comments?post=23614"}],"version-history":[{"count":0,"href":"https:\/\/www.pisoengranada.es\/it\/wp-json\/wp\/v2\/pages\/23614\/revisions"}],"wp:attachment":[{"href":"https:\/\/www.pisoengranada.es\/it\/wp-json\/wp\/v2\/media?parent=23614"}],"curies":[{"name":"wp","href":"https:\/\/api.w.org\/{rel}","templated":true}]}}