{"id":23608,"date":"2023-08-23T16:07:51","date_gmt":"2023-08-23T14:07:51","guid":{"rendered":"https:\/\/www.pisoengranada.es\/orario-cartuja\/"},"modified":"2023-08-23T16:07:51","modified_gmt":"2023-08-23T14:07:51","slug":"orario-cartuja","status":"publish","type":"page","link":"https:\/\/www.pisoengranada.es\/it\/orario-cartuja\/","title":{"rendered":"Orario Cartuja"},"content":{"rendered":"\t\t<div data-elementor-type=\"wp-page\" data-elementor-id=\"23608\" class=\"elementor elementor-23608 elementor-20140\">\n\t\t\t\t\t\t<section class=\"elementor-section elementor-top-section elementor-element elementor-element-2908301 elementor-section-boxed elementor-section-height-default elementor-section-height-default\" data-id=\"2908301\" data-element_type=\"section\">\n\t\t\t\t\t\t<div class=\"elementor-container elementor-column-gap-default\">\n\t\t\t\t\t<div class=\"elementor-column elementor-col-100 elementor-top-column elementor-element elementor-element-272ade7\" data-id=\"272ade7\" data-element_type=\"column\">\n\t\t\t<div class=\"elementor-widget-wrap elementor-element-populated\">\n\t\t\t\t\t\t<div class=\"elementor-element elementor-element-15a3f14 elementor-widget elementor-widget-text-editor\" data-id=\"15a3f14\" data-element_type=\"widget\" data-widget_type=\"text-editor.default\">\n\t\t\t\t<div class=\"elementor-widget-container\">\n\t\t\t\t\t\t\t\t\tIl nostro appartamento \u00e8 chiuso a molte facolt\u00e0:\n\n<img fetchpriority=\"high\" decoding=\"async\" class=\"aligncenter wp-image-497 size-medium_large\" src=\"http:\/\/www.pisoengranada.es\/wp-content\/uploads\/2017\/01\/mapa_cartuja-768x445.png\" alt=\"Mappa delle Facolt\u00e0 Cartuja Granada\" width=\"600\" height=\"348\">\n<blockquote>La posizione sulla mappa \u00e8 approssimativa <a href=\"https:\/\/www.bing.com\/maps?osid=7b5ad10f-1332-4744-92da-0dc32ddac2bb&amp;cp=37.199753~-3.609781&amp;lvl=16&amp;v=2&amp;sV=2&amp;form=S00027\" target=\"_blank\" rel=\"noopener noreferrer\">Big View<\/a><\/blockquote>\nIl nostro appartamento si trova a Granada, nell&#8217;urbanizzazione <strong>Parque Nueva Granada<\/strong> , in Calle Rosal\u00eda de Castro, a <strong>1 minuto dall&#8217;INEF ea 5 minuti dal campus Cartuja<\/strong>.\n\nIn una zona dove puoi trovare negozi, ristoranti, caffetterie e un<strong> ambiente totalmente studentesco<\/strong> perch\u00e9 \u00e8 vicino al Centro Studentesco Fernando de los Rios\nAccanto al nostro appartamento hai <strong>2 fermate di autobus<\/strong> disponibili. Qui puoi consultare <a href=\"http:\/\/www.transportesrober.com\/transporte\/planos.htm\">il piano delle linee<\/a>:\n<ul>\n \t<li>Linea <strong>5: linea<\/strong> con fermate alla stazione degli autobus, alla stazione ferroviaria, al Campus de Fuente Nueva e al Camino de Ronda (zona pub)<\/li>\n \t<li>Linea <strong>8: Linea<\/strong> con fermate a Campus de la Cartuja, centro e Zaidin (zona di bar e tapas)<\/li>\n<\/ul>\t\t\t\t\t\t\t\t<\/div>\n\t\t\t\t<\/div>\n\t\t\t\t\t<\/div>\n\t\t<\/div>\n\t\t\t\t\t<\/div>\n\t\t<\/section>\n\t\t\t\t<\/div>\n\t\t","protected":false},"excerpt":{"rendered":"<p>Il nostro appartamento \u00e8 chiuso a molte facolt\u00e0: La posizione sulla mappa \u00e8 approssimativa Big View Il nostro appartamento si trova a Granada, nell&#8217;urbanizzazione Parque Nueva Granada , in Calle Rosal\u00eda de Castro, a 1 minuto dall&#8217;INEF ea 5 minuti dal campus Cartuja. In una zona dove puoi trovare negozi, ristoranti, caffetterie e un ambiente [&hellip;]<\/p>\n","protected":false},"author":1,"featured_media":0,"parent":0,"menu_order":0,"comment_status":"closed","ping_status":"closed","template":"template\/template-homepage.php","meta":{"footnotes":""},"class_list":["post-23608","page","type-page","status-publish","hentry"],"_links":{"self":[{"href":"https:\/\/www.pisoengranada.es\/it\/wp-json\/wp\/v2\/pages\/23608","targetHints":{"allow":["GET"]}}],"collection":[{"href":"https:\/\/www.pisoengranada.es\/it\/wp-json\/wp\/v2\/pages"}],"about":[{"href":"https:\/\/www.pisoengranada.es\/it\/wp-json\/wp\/v2\/types\/page"}],"author":[{"embeddable":true,"href":"https:\/\/www.pisoengranada.es\/it\/wp-json\/wp\/v2\/users\/1"}],"replies":[{"embeddable":true,"href":"https:\/\/www.pisoengranada.es\/it\/wp-json\/wp\/v2\/comments?post=23608"}],"version-history":[{"count":0,"href":"https:\/\/www.pisoengranada.es\/it\/wp-json\/wp\/v2\/pages\/23608\/revisions"}],"wp:attachment":[{"href":"https:\/\/www.pisoengranada.es\/it\/wp-json\/wp\/v2\/media?parent=23608"}],"curies":[{"name":"wp","href":"https:\/\/api.w.org\/{rel}","templated":true}]}}