{"id":21421,"date":"2023-08-09T17:22:28","date_gmt":"2023-08-09T15:22:28","guid":{"rendered":"https:\/\/www.pisoengranada.es\/facultes\/"},"modified":"2023-08-14T23:53:51","modified_gmt":"2023-08-14T21:53:51","slug":"facultes","status":"publish","type":"page","link":"https:\/\/www.pisoengranada.es\/fr\/facultes\/","title":{"rendered":"Facult\u00e9s"},"content":{"rendered":"\t\t<div data-elementor-type=\"wp-page\" data-elementor-id=\"21421\" class=\"elementor elementor-21421 elementor-20165\">\n\t\t\t\t\t\t<section class=\"elementor-section elementor-top-section elementor-element elementor-element-c8df33a elementor-section-boxed elementor-section-height-default elementor-section-height-default\" data-id=\"c8df33a\" data-element_type=\"section\" data-e-type=\"section\" data-settings=\"{&quot;background_background&quot;:&quot;classic&quot;}\">\n\t\t\t\t\t\t<div class=\"elementor-container elementor-column-gap-default\">\n\t\t\t\t\t<div class=\"elementor-column elementor-col-100 elementor-top-column elementor-element elementor-element-417c9ff\" data-id=\"417c9ff\" data-element_type=\"column\" data-e-type=\"column\">\n\t\t\t<div class=\"elementor-widget-wrap elementor-element-populated\">\n\t\t\t\t\t\t<div class=\"elementor-element elementor-element-e82fa1d elementor-widget elementor-widget-heading\" data-id=\"e82fa1d\" data-element_type=\"widget\" data-e-type=\"widget\" data-widget_type=\"heading.default\">\n\t\t\t\t<div class=\"elementor-widget-container\">\n\t\t\t\t\t<h2 class=\"elementor-heading-title elementor-size-default\">Facult\u00e9s et centres d\u2019\u00e9tudes de l\u2019UGR<\/h2>\t\t\t\t<\/div>\n\t\t\t\t<\/div>\n\t\t\t\t\t<\/div>\n\t\t<\/div>\n\t\t\t\t\t<\/div>\n\t\t<\/section>\n\t\t\t\t<section class=\"elementor-section elementor-top-section elementor-element elementor-element-6f58ada elementor-section-boxed elementor-section-height-default elementor-section-height-default\" data-id=\"6f58ada\" data-element_type=\"section\" data-e-type=\"section\">\n\t\t\t\t\t\t<div class=\"elementor-container elementor-column-gap-default\">\n\t\t\t\t\t<div class=\"elementor-column elementor-col-100 elementor-top-column elementor-element elementor-element-41ee45b\" data-id=\"41ee45b\" data-element_type=\"column\" data-e-type=\"column\">\n\t\t\t<div class=\"elementor-widget-wrap elementor-element-populated\">\n\t\t\t\t\t\t<div class=\"elementor-element elementor-element-7aed236 elementor-widget elementor-widget-image\" data-id=\"7aed236\" data-element_type=\"widget\" data-e-type=\"widget\" data-widget_type=\"image.default\">\n\t\t\t\t<div class=\"elementor-widget-container\">\n\t\t\t\t\t\t\t\t\t\t\t\t\t\t\t<img fetchpriority=\"high\" decoding=\"async\" width=\"300\" height=\"300\" src=\"https:\/\/www.pisoengranada.es\/wp-content\/uploads\/imagen-logo-ugr.gif\" class=\"attachment-large size-large wp-image-22549\" alt=\"\" \/>\t\t\t\t\t\t\t\t\t\t\t\t\t\t\t<\/div>\n\t\t\t\t<\/div>\n\t\t\t\t\t<\/div>\n\t\t<\/div>\n\t\t\t\t\t<\/div>\n\t\t<\/section>\n\t\t\t\t<section class=\"elementor-section elementor-top-section elementor-element elementor-element-80b83e6 elementor-section-boxed elementor-section-height-default elementor-section-height-default\" data-id=\"80b83e6\" data-element_type=\"section\" data-e-type=\"section\">\n\t\t\t\t\t\t<div class=\"elementor-container elementor-column-gap-default\">\n\t\t\t\t\t<div class=\"elementor-column elementor-col-100 elementor-top-column elementor-element elementor-element-d81f7b0\" data-id=\"d81f7b0\" data-element_type=\"column\" data-e-type=\"column\">\n\t\t\t<div class=\"elementor-widget-wrap elementor-element-populated\">\n\t\t\t\t\t\t<div class=\"elementor-element elementor-element-316807c elementor-widget elementor-widget-text-editor\" data-id=\"316807c\" data-element_type=\"widget\" data-e-type=\"widget\" data-widget_type=\"text-editor.default\">\n\t\t\t\t<div class=\"elementor-widget-container\">\n\t\t\t\t\t\t\t\t\t&nbsp;\n\n<span id=\"Campus_de_Cartuja\" class=\"mw-headline\">L\u2019Universit\u00e9 de Grenade est divis\u00e9e en 5 campus universitaires r\u00e9partis dans toute la ville. Nos appartements b\u00e9n\u00e9ficient d\u2019un emplacement privil\u00e9gi\u00e9 en raison de leur proximit\u00e9 avec chacun d\u2019eux:<\/span>\n<h2><span id=\"Campus_de_Cartuja\" class=\"mw-headline\">Campus de Cartuja<\/span><\/h2>\nIl a son acc\u00e8s par le Paseo de Cartuja. Ses centres \u00e9ducatifs sont r\u00e9partis \u00e0 proximit\u00e9 de l\u2019ancien monast\u00e8re de l\u2019Assomption, mieux connu sous le nom de Cartuja de Granada, et sont:\n<ul>\n \t<li><a title=\"Facult\u00e9 des sciences du sport de Grenade\" href=\"https:\/\/es.wikipedia.org\/wiki\/Facultad_de_Ciencias_del_Deporte_de_Granada\" target=\"_blank\" rel=\"noopener\">Facult\u00e9 des sciences du sport<\/a> &#8211; <a href=\"http:\/\/www.pisoengranada.es\/tag\/cartuja\/\">Chambres pr\u00e8s de cette facult\u00e9<\/a><\/li>\n \t<li><a title=\"Facult\u00e9 des sciences \u00e9conomiques et commerciales de Grenade\" href=\"https:\/\/es.wikipedia.org\/wiki\/Facultad_de_Ciencias_Econ%C3%B3micas_y_Empresariales_de_Granada\" target=\"_blank\" rel=\"noopener\">Facult\u00e9 des sciences \u00e9conomiques et commerciales<\/a> &#8211; <a href=\"http:\/\/www.pisoengranada.es\/tag\/cartuja\/\">Chambres \u00e0 proximit\u00e9 de cette facult\u00e9<\/a><\/li>\n \t<li><a title=\"Facult\u00e9 des sciences de l\u2019\u00e9ducation de Grenade\" href=\"https:\/\/es.wikipedia.org\/wiki\/Facultad_de_Ciencias_de_la_Educaci%C3%B3n_de_Granada\" target=\"_blank\" rel=\"noopener\">Facult\u00e9 des sciences de l\u2019\u00e9ducation<\/a> &#8211; <a href=\"http:\/\/www.pisoengranada.es\/tag\/cartuja\/\">Chambres \u00e0 proximit\u00e9 de cette facult\u00e9<\/a><\/li>\n \t<li><a title=\"Facult\u00e9 de Communication et de Documentation de Grenade\" href=\"https:\/\/es.wikipedia.org\/wiki\/Facultad_de_Comunicaci%C3%B3n_y_Documentaci%C3%B3n_de_Granada\" target=\"_blank\" rel=\"noopener\">Facult\u00e9 de Communication et de Documentation<\/a> &#8211; <a href=\"http:\/\/www.pisoengranada.es\/tag\/cartuja\/\">Chambres \u00e0 proximit\u00e9 de cette facult\u00e9<\/a><\/li>\n \t<li><a title=\"Facult\u00e9 de pharmacie de Grenade\" href=\"https:\/\/es.wikipedia.org\/wiki\/Facultad_de_Farmacia_de_Granada\" target=\"_blank\" rel=\"noopener\">Facult\u00e9 de pharmacie<\/a> &#8211; <a href=\"http:\/\/www.pisoengranada.es\/tag\/cartuja\/\">Chambres pr\u00e8s de cette facult\u00e9<\/a><\/li>\n \t<li><a title=\"Facult\u00e9 de Philosophie et Lettres de Grenade\" href=\"https:\/\/es.wikipedia.org\/wiki\/Facultad_de_Filosof%C3%ADa_y_Letras_de_Granada\" target=\"_blank\" rel=\"noopener\">Facult\u00e9 de Philosophie et Lettres<\/a> &#8211; <a href=\"http:\/\/www.pisoengranada.es\/tag\/cartuja\/\">Chambres pr\u00e8s de cette facult\u00e9<\/a><\/li>\n \t<li><a title=\"Facult\u00e9 de m\u00e9decine dentaire de Grenade\" href=\"https:\/\/es.wikipedia.org\/wiki\/Facultad_de_Odontolog%C3%ADa_de_Granada\" target=\"_blank\" rel=\"noopener\">Facult\u00e9 de m\u00e9decine dentaire<\/a> &#8211; <a href=\"http:\/\/www.pisoengranada.es\/tag\/cartuja\/\">Chambres pr\u00e8s de cette facult\u00e9<\/a><\/li>\n \t<li><a title=\"Facult\u00e9 de psychologie de Grenade\" href=\"https:\/\/es.wikipedia.org\/wiki\/Facultad_de_Psicolog%C3%ADa_de_Granada\" target=\"_blank\" rel=\"noopener\">Facult\u00e9 de psychologie<\/a> &#8211; <a href=\"http:\/\/www.pisoengranada.es\/tag\/cartuja\/\">Chambres pr\u00e8s de cette facult\u00e9<\/a><\/li>\n<\/ul>\nNotre <strong><a href=\"http:\/\/www.pisoengranada.es\/caracteristicas-piso-en-cartuja\/\">appartement Cartuja<\/a> <\/strong>est situ\u00e9 \u00e0 seulement 15 minutes \u00e0 pied du <strong>campus de Cartuja<\/strong>, \u00e9tant l\u2019un des \u00e9tages les plus proches de cet endroit.\n<h2><span id=\"Campus_Centro\" class=\"mw-headline\">Campus du Centre<\/span><\/h2>\nC\u2019est un campus urbain, dont les centres sont r\u00e9partis dans diff\u00e9rentes parties du centre de la ville de Grenade. Les facult\u00e9s suivantes sont situ\u00e9es sur ce campus:\n<ul>\n \t<li><a title=\"\u00c9cole d\u2019architecture (Universit\u00e9 de Grenade)\" href=\"https:\/\/es.wikipedia.org\/wiki\/Escuela_T%C3%A9cnica_Superior_de_Arquitectura_(Universidad_de_Granada)\" target=\"_blank\" rel=\"noopener\">Escuela T\u00e9cnica Superior de Arquitectura<\/a> &#8211; <a href=\"http:\/\/www.pisoengranada.es\/tag\/centro\/\">Chambres pr\u00e8s de cette facult\u00e9<\/a><\/li>\n \t<li><a title=\"Facult\u00e9 des sciences politiques et de sociologie de Grenade\" href=\"https:\/\/es.wikipedia.org\/wiki\/Facultad_de_Ciencias_Pol%C3%ADticas_y_Sociolog%C3%ADa_de_Granada\" target=\"_blank\" rel=\"noopener\">Facult\u00e9 des sciences politiques et de sociologie<\/a> &#8211; <a href=\"http:\/\/www.pisoengranada.es\/tag\/centro\/\">Chambres \u00e0 proximit\u00e9 de cette facult\u00e9<\/a><\/li>\n \t<li><a title=\"Facult\u00e9 des sciences du travail de Grenade\" href=\"https:\/\/es.wikipedia.org\/wiki\/Facultad_de_Ciencias_del_Trabajo_de_Granada\" target=\"_blank\" rel=\"noopener\">Facult\u00e9 des sciences du travail<\/a> &#8211; <a href=\"http:\/\/www.pisoengranada.es\/tag\/centro\/\">Chambres pr\u00e8s de cette facult\u00e9<\/a><\/li>\n \t<li><a title=\"Facult\u00e9 de droit de Grenade\" href=\"https:\/\/es.wikipedia.org\/wiki\/Facultad_de_Derecho_de_Granada\" target=\"_blank\" rel=\"noopener\">Facult\u00e9 de droit<\/a> &#8211; <a href=\"http:\/\/www.pisoengranada.es\/tag\/centro\/\">Chambres pr\u00e8s de cette facult\u00e9<\/a><\/li>\n \t<li><a title=\"Facult\u00e9 de travail social de Grenade\" href=\"https:\/\/es.wikipedia.org\/wiki\/Facultad_de_Trabajo_Social_de_Granada\" target=\"_blank\" rel=\"noopener\">Facult\u00e9 de travail social<\/a> &#8211; <a href=\"http:\/\/www.pisoengranada.es\/tag\/centro\/\">Chambres pr\u00e8s de cette facult\u00e9<\/a><\/li>\n \t<li><a title=\"Facult\u00e9 de traduction et d\u2019interpr\u00e9tation de l\u2019Universit\u00e9 de Grenade\" href=\"https:\/\/es.wikipedia.org\/wiki\/Facultad_de_Traducci%C3%B3n_e_Interpretaci%C3%B3n_de_la_Universidad_de_Granada\">Facult\u00e9 de traduction et d\u2019interpr\u00e9tation<\/a> &#8211; <a href=\"http:\/\/www.pisoengranada.es\/tag\/centro\/\">Chambres \u00e0 proximit\u00e9 de cette facult\u00e9<\/a><\/li>\n<\/ul>\nNotre <a href=\"\/caracteristicas-piso-estudiantes-centro-granada\/\">\n  <strong>appartement<\/strong>\n<\/a> dans le centre du centre de Grenade est entre 2 et 5 minutes \u00e0 pied de toutes ces facult\u00e9s qui sont dispers\u00e9es dans tout le centre de la ville.\n<h2><span id=\"Campus_de_Fuentenueva\" class=\"mw-headline\">Campus de Fuentenueva<\/span><\/h2>\nAussi appel\u00e9 Science Campus. Il est situ\u00e9 dans la rue Doctor Severo Ochoa, pr\u00e8s de la gare de Grenade, \u00e9galement accessible par le Camino de Ronda, par la rue Gonzalo Gallas. Les centres qui le composent sont :\n<ul>\n \t<li><a title=\"Facult\u00e9 des Sciences de Grenade\" href=\"https:\/\/es.wikipedia.org\/wiki\/Facultad_de_Ciencias_de_Granada\" target=\"_blank\" rel=\"noopener\">Facult\u00e9 des sciences<\/a> &#8211; <a href=\"http:\/\/www.pisoengranada.es\/tag\/centro\/\">Chambres pr\u00e8s de cette facult\u00e9<\/a><\/li>\n \t<li><a title=\"\u00c9cole d\u2019ing\u00e9nierie du b\u00e2timent de Grenade\" href=\"https:\/\/es.wikipedia.org\/wiki\/Escuela_T%C3%A9cnica_Superior_de_Ingenier%C3%ADa_de_Edificaci%C3%B3n_de_Granada\" target=\"_blank\" rel=\"noopener\">Escuela T\u00e9cnica Superior de Ingenier\u00eda de la Edificaci\u00f3n<\/a> &#8211; <a href=\"http:\/\/www.pisoengranada.es\/tag\/centro\/\">Chambres pr\u00e8s de cette facult\u00e9<\/a><\/li>\n \t<li><a title=\"\u00c9cole de g\u00e9nie civil de Grenade\" href=\"https:\/\/es.wikipedia.org\/wiki\/Escuela_T%C3%A9cnica_Superior_de_Ingenier%C3%ADa_de_Caminos,_Canales_y_Puertos_de_Granada\" target=\"_blank\" rel=\"noopener\">Escuela T\u00e9cnica Superior de Ingenier\u00eda de Caminos, Canals y Puertos<\/a> &#8211; <a href=\"http:\/\/www.pisoengranada.es\/tag\/centro\/\">Chambres pr\u00e8s de cette facult\u00e9<\/a><\/li>\n<\/ul>\nDes centres de recherche scientifique sont \u00e9galement situ\u00e9s sur le campus Fuentenueva, ainsi que des installations sportives et de loisirs. Il est travers\u00e9 par le c\u00e9l\u00e8bre parc universitaire de Fuentenueva, qui communique en ligne droite le Camino de Ronda avec le centre-ville. Le campus Fuentenueva abrite l\u2019une des stations de m\u00e9tro de Grenade.\n\nNotre appartement dans le centre du <a href=\"\/caracteristicas-piso-estudiantes-centro-granada\/\">\n  <strong>centre de Grenade<\/strong>\n<\/a> est situ\u00e9 \u00e0 seulement 12 minutes \u00e0 pied de ce campus.\n<h2><span id=\"Campus_de_Aynadamar\" class=\"mw-headline\">Campus de Aynadamar<\/span><\/h2>\nIl est situ\u00e9 dans le quartier Cerrillo de Maracena, \u00e0 la p\u00e9riph\u00e9rie de la ville. Ce qui en fait une zone peu propice \u00e0 la vie:\n<ul>\n \t<li><a title=\"Facult\u00e9 des Beaux-Arts de Grenade\" href=\"https:\/\/es.wikipedia.org\/wiki\/Facultad_de_Bellas_Artes_de_Granada\" target=\"_blank\" rel=\"noopener\">Facult\u00e9 des Beaux-Arts<\/a> &#8211; <a href=\"http:\/\/www.pisoengranada.es\/tag\/centro\/\">Chambres \u00e0 proximit\u00e9 de cette facult\u00e9<\/a><\/li>\n \t<li><a title=\"\u00c9cole de g\u00e9nie informatique et de t\u00e9l\u00e9communications de Grenade\" href=\"https:\/\/es.wikipedia.org\/wiki\/Escuela_T%C3%A9cnica_Superior_de_Ingenier%C3%ADas_Inform%C3%A1tica_y_de_Telecomunicaci%C3%B3n_de_Granada\" target=\"_blank\" rel=\"noopener\">Escuela T\u00e9cnica Superior de Ingenier\u00edas Inform\u00e1tica y de Telecomunicaci\u00f3n<\/a> &#8211; <a href=\"http:\/\/www.pisoengranada.es\/tag\/chana\/\">Chambres pr\u00e8s de cette facult\u00e9<\/a><\/li>\n \t<li><a title=\"Medac Grenade\" href=\"https:\/\/medac.es\/fp-granada\" target=\"_blank\" rel=\"noopener\">Medac Granada<\/a> &#8211; <a href=\"http:\/\/www.pisoengranada.es\/tag\/chana\/\">Chambres pr\u00e8s de ce centre<\/a><\/li>\n<\/ul>\nLe moyen le plus rapide de se rendre sur ce campus depuis nos appartements est d\u2019utiliser la ligne de bus <strong>urbain U1<\/strong> depuis notre appartement <strong><a href=\"\/caracteristicas-piso-en-cartuja\/\">Cartuja<\/a> <\/strong>et la <strong>N3<\/strong> et la ligne de m\u00e9tro urbain depuis notre <a href=\"\/caracteristicas-piso-estudiantes-centro-granada\/\"><strong>appartement du centre-ville<\/strong>\n  \n<\/a>.\n<h2><span id=\"Campus_Ciencias_de_la_Salud\" class=\"mw-headline\">Campus des sciences de la sant\u00e9<\/span><\/h2>\nIl est int\u00e9gr\u00e9 dans le <a title=\"Parc technologique des sciences de la sant\u00e9\" href=\"https:\/\/es.wikipedia.org\/wiki\/Parque_Tecnol%C3%B3gico_de_Ciencias_de_la_Salud\">parc technologique des sciences<\/a> de la sant\u00e9, un complexe situ\u00e9 \u00e0 la p\u00e9riph\u00e9rie de la capitale de Grenade. Il s\u2019agit d\u2019un espace technologique innovant sp\u00e9cialis\u00e9 dans la recherche et le d\u00e9veloppement des industries pharmaceutiques, biosanitaires et agroalimentaires, comptant actuellement plus de douze centres de recherche op\u00e9rationnelle et pr\u00e8s d\u2019une centaine d\u2019entreprises et d\u2019institutions.\n\nDans ce campus se trouvent les centres qui enseignent les \u00e9tudes des sciences de la sant\u00e9 et sont:\n<ul>\n \t<li><a title=\"Facult\u00e9 des sciences de la sant\u00e9 de l\u2019Universit\u00e9 de Grenade\" href=\"https:\/\/es.wikipedia.org\/wiki\/Facultad_de_Ciencias_de_la_Salud_de_la_Universidad_de_Granada\" target=\"_blank\" rel=\"noopener\">Facult\u00e9 des sciences de la sant\u00e9<\/a> &#8211; <a href=\"http:\/\/www.pisoengranada.es\/tag\/centro\/\">Chambres pr\u00e8s de cette facult\u00e9<\/a><\/li>\n \t<li><a title=\"Facult\u00e9 de m\u00e9decine de l\u2019Universit\u00e9 de Grenade\" href=\"https:\/\/es.wikipedia.org\/wiki\/Facultad_de_Medicina_de_la_Universidad_de_Granada\" target=\"_blank\" rel=\"noopener\">Facult\u00e9 de m\u00e9decine<\/a> &#8211; <a href=\"http:\/\/www.pisoengranada.es\/tag\/centro\/\">Chambres pr\u00e8s de cette facult\u00e9<\/a><\/li>\n<\/ul>\nBient\u00f4t, les facult\u00e9s de <a title=\"Facult\u00e9 de pharmacie de l\u2019Universit\u00e9 de Grenade\" href=\"https:\/\/es.wikipedia.org\/wiki\/Facultad_de_Farmacia_de_la_Universidad_de_Granada\">pharmacie<\/a> et de <a title=\"Facult\u00e9 de m\u00e9decine dentaire de l\u2019Universit\u00e9 de Grenade\" href=\"https:\/\/es.wikipedia.org\/wiki\/Facultad_de_Odontolog%C3%ADa_de_la_Universidad_de_Granada\">dentisterie<\/a> d\u00e9m\u00e9nageront sur ce campus.\n\nActuellement, il n\u2019est pas possible de vivre dans cette zone, nous vous recommandons donc de vous rendre sur ce campus depuis nos appartements en utilisant la ligne de bus <strong>urbain U3<\/strong> et la ligne de m\u00e9tro urbain depuis notre appartement <strong><a href=\"\/caracteristicas-piso-en-cartuja\/\">Cartuja<\/a> <\/strong>et la <strong>SN4<\/strong> depuis notre <a href=\"\/caracteristicas-piso-estudiantes-centro-granada\/\"><strong>appartement du centre-ville<\/strong>\n  \n<\/a>.\n\t\t\t\t\t\t\t\t<\/div>\n\t\t\t\t<\/div>\n\t\t\t\t\t<\/div>\n\t\t<\/div>\n\t\t\t\t\t<\/div>\n\t\t<\/section>\n\t\t\t\t<section class=\"elementor-section elementor-top-section elementor-element elementor-element-8b82328 elementor-section-boxed elementor-section-height-default elementor-section-height-default\" data-id=\"8b82328\" data-element_type=\"section\" data-e-type=\"section\">\n\t\t\t\t\t\t<div class=\"elementor-container elementor-column-gap-default\">\n\t\t\t\t\t<div class=\"elementor-column elementor-col-100 elementor-top-column elementor-element elementor-element-6ccf185\" data-id=\"6ccf185\" data-element_type=\"column\" data-e-type=\"column\">\n\t\t\t<div class=\"elementor-widget-wrap elementor-element-populated\">\n\t\t\t\t\t\t<div class=\"elementor-element elementor-element-7f98441 elementor-widget elementor-widget-heading\" data-id=\"7f98441\" data-element_type=\"widget\" data-e-type=\"widget\" data-widget_type=\"heading.default\">\n\t\t\t\t<div class=\"elementor-widget-container\">\n\t\t\t\t\t<h2 class=\"elementor-heading-title elementor-size-default\"><h2 style=\"text-transform: none\">Emplacement de notre appartement&nbsp; au centre-ville<\/h2><\/h2>\t\t\t\t<\/div>\n\t\t\t\t<\/div>\n\t\t\t\t\t<\/div>\n\t\t<\/div>\n\t\t\t\t\t<\/div>\n\t\t<\/section>\n\t\t\t\t<section class=\"elementor-section elementor-top-section elementor-element elementor-element-f5d1976 elementor-section-boxed elementor-section-height-default elementor-section-height-default\" data-id=\"f5d1976\" data-element_type=\"section\" data-e-type=\"section\">\n\t\t\t\t\t\t<div class=\"elementor-container elementor-column-gap-default\">\n\t\t\t\t\t<div class=\"elementor-column elementor-col-100 elementor-top-column elementor-element elementor-element-17dc2a4\" data-id=\"17dc2a4\" data-element_type=\"column\" data-e-type=\"column\">\n\t\t\t<div class=\"elementor-widget-wrap elementor-element-populated\">\n\t\t\t\t\t\t<div class=\"elementor-element elementor-element-001b367 elementor-widget elementor-widget-image\" data-id=\"001b367\" data-element_type=\"widget\" data-e-type=\"widget\" data-widget_type=\"image.default\">\n\t\t\t\t<div class=\"elementor-widget-container\">\n\t\t\t\t\t\t\t\t\t\t\t\t\t\t\t<img decoding=\"async\" width=\"960\" height=\"534\" src=\"https:\/\/www.pisoengranada.es\/wp-content\/uploads\/mapa-centro.png\" class=\"attachment-large size-large wp-image-22936\" alt=\"\" srcset=\"https:\/\/www.pisoengranada.es\/wp-content\/uploads\/mapa-centro.png 960w, https:\/\/www.pisoengranada.es\/wp-content\/uploads\/mapa-centro-300x167.png 300w, https:\/\/www.pisoengranada.es\/wp-content\/uploads\/mapa-centro-768x427.png 768w, https:\/\/www.pisoengranada.es\/wp-content\/uploads\/mapa-centro-496x276.png 496w, https:\/\/www.pisoengranada.es\/wp-content\/uploads\/mapa-centro-600x334.png 600w\" sizes=\"(max-width: 960px) 100vw, 960px\" \/>\t\t\t\t\t\t\t\t\t\t\t\t\t\t\t<\/div>\n\t\t\t\t<\/div>\n\t\t\t\t<div class=\"elementor-element elementor-element-03561cb elementor-align-center elementor-widget elementor-widget-button\" data-id=\"03561cb\" data-element_type=\"widget\" data-e-type=\"widget\" data-widget_type=\"button.default\">\n\t\t\t\t<div class=\"elementor-widget-container\">\n\t\t\t\t\t\t\t\t\t<div class=\"elementor-button-wrapper\">\n\t\t\t\t\t<a class=\"elementor-button elementor-button-link elementor-size-sm\" href=\"https:\/\/binged.it\/2iZZyzy\">\n\t\t\t\t\t\t<span class=\"elementor-button-content-wrapper\">\n\t\t\t\t\t\t\t\t\t<span class=\"elementor-button-text\">Voir la carte sur la page pour v\u00e9rifier les horaires<\/span>\n\t\t\t\t\t<\/span>\n\t\t\t\t\t<\/a>\n\t\t\t\t<\/div>\n\t\t\t\t\t\t\t\t<\/div>\n\t\t\t\t<\/div>\n\t\t\t\t\t<\/div>\n\t\t<\/div>\n\t\t\t\t\t<\/div>\n\t\t<\/section>\n\t\t\t\t<section class=\"elementor-section elementor-top-section elementor-element elementor-element-dbe1f81 elementor-section-boxed elementor-section-height-default elementor-section-height-default\" data-id=\"dbe1f81\" data-element_type=\"section\" data-e-type=\"section\">\n\t\t\t\t\t\t<div class=\"elementor-container elementor-column-gap-default\">\n\t\t\t\t\t<div class=\"elementor-column elementor-col-100 elementor-top-column elementor-element elementor-element-c86431b\" data-id=\"c86431b\" data-element_type=\"column\" data-e-type=\"column\">\n\t\t\t<div class=\"elementor-widget-wrap elementor-element-populated\">\n\t\t\t\t\t\t<div class=\"elementor-element elementor-element-1a394d3 elementor-widget elementor-widget-text-editor\" data-id=\"1a394d3\" data-element_type=\"widget\" data-e-type=\"widget\" data-widget_type=\"text-editor.default\">\n\t\t\t\t<div class=\"elementor-widget-container\">\n\t\t\t\t\t\t\t\t\t<h2 style=\"text-transform: none;\">Emplacement de notre appartement sur le campus de Cartuja<\/h2>\n\t\t\t\t\t\t\t\t<\/div>\n\t\t\t\t<\/div>\n\t\t\t\t\t<\/div>\n\t\t<\/div>\n\t\t\t\t\t<\/div>\n\t\t<\/section>\n\t\t\t\t<section class=\"elementor-section elementor-top-section elementor-element elementor-element-ee51adf elementor-section-boxed elementor-section-height-default elementor-section-height-default\" data-id=\"ee51adf\" data-element_type=\"section\" data-e-type=\"section\">\n\t\t\t\t\t\t<div class=\"elementor-container elementor-column-gap-default\">\n\t\t\t\t\t<div class=\"elementor-column elementor-col-100 elementor-top-column elementor-element elementor-element-6b01eeb\" data-id=\"6b01eeb\" data-element_type=\"column\" data-e-type=\"column\">\n\t\t\t<div class=\"elementor-widget-wrap elementor-element-populated\">\n\t\t\t\t\t\t<div class=\"elementor-element elementor-element-8bed940 elementor-widget elementor-widget-image\" data-id=\"8bed940\" data-element_type=\"widget\" data-e-type=\"widget\" data-widget_type=\"image.default\">\n\t\t\t\t<div class=\"elementor-widget-container\">\n\t\t\t\t\t\t\t\t\t\t\t\t\t\t\t<img decoding=\"async\" width=\"960\" height=\"556\" src=\"https:\/\/www.pisoengranada.es\/wp-content\/uploads\/mapa-cartuja.png\" class=\"attachment-large size-large wp-image-22576\" alt=\"\" srcset=\"https:\/\/www.pisoengranada.es\/wp-content\/uploads\/mapa-cartuja.png 960w, https:\/\/www.pisoengranada.es\/wp-content\/uploads\/mapa-cartuja-300x174.png 300w, https:\/\/www.pisoengranada.es\/wp-content\/uploads\/mapa-cartuja-768x445.png 768w, https:\/\/www.pisoengranada.es\/wp-content\/uploads\/mapa-cartuja-496x287.png 496w, https:\/\/www.pisoengranada.es\/wp-content\/uploads\/mapa-cartuja-600x348.png 600w\" sizes=\"(max-width: 960px) 100vw, 960px\" \/>\t\t\t\t\t\t\t\t\t\t\t\t\t\t\t<\/div>\n\t\t\t\t<\/div>\n\t\t\t\t<div class=\"elementor-element elementor-element-8545a23 elementor-align-center elementor-widget elementor-widget-button\" data-id=\"8545a23\" data-element_type=\"widget\" data-e-type=\"widget\" data-widget_type=\"button.default\">\n\t\t\t\t<div class=\"elementor-widget-container\">\n\t\t\t\t\t\t\t\t\t<div class=\"elementor-button-wrapper\">\n\t\t\t\t\t<a class=\"elementor-button elementor-button-link elementor-size-sm\" href=\"https:\/\/binged.it\/2iF1wJq\">\n\t\t\t\t\t\t<span class=\"elementor-button-content-wrapper\">\n\t\t\t\t\t\t\t\t\t<span class=\"elementor-button-text\">Voir la carte sur la page pour v\u00e9rifier les horaires<\/span>\n\t\t\t\t\t<\/span>\n\t\t\t\t\t<\/a>\n\t\t\t\t<\/div>\n\t\t\t\t\t\t\t\t<\/div>\n\t\t\t\t<\/div>\n\t\t\t\t\t<\/div>\n\t\t<\/div>\n\t\t\t\t\t<\/div>\n\t\t<\/section>\n\t\t\t\t<\/div>\n\t\t","protected":false},"excerpt":{"rendered":"<p>Facult\u00e9s et centres d\u2019\u00e9tudes de l\u2019UGR &nbsp; L\u2019Universit\u00e9 de Grenade est divis\u00e9e en 5 campus universitaires r\u00e9partis dans toute la ville. Nos appartements b\u00e9n\u00e9ficient d\u2019un emplacement privil\u00e9gi\u00e9 en raison de leur proximit\u00e9 avec chacun d\u2019eux: Campus de Cartuja Il a son acc\u00e8s par le Paseo de Cartuja. Ses centres \u00e9ducatifs sont r\u00e9partis \u00e0 proximit\u00e9 de [&hellip;]<\/p>\n","protected":false},"author":1,"featured_media":0,"parent":0,"menu_order":0,"comment_status":"closed","ping_status":"closed","template":"template\/template-homepage.php","meta":{"footnotes":""},"class_list":["post-21421","page","type-page","status-publish","hentry"],"_links":{"self":[{"href":"https:\/\/www.pisoengranada.es\/fr\/wp-json\/wp\/v2\/pages\/21421","targetHints":{"allow":["GET"]}}],"collection":[{"href":"https:\/\/www.pisoengranada.es\/fr\/wp-json\/wp\/v2\/pages"}],"about":[{"href":"https:\/\/www.pisoengranada.es\/fr\/wp-json\/wp\/v2\/types\/page"}],"author":[{"embeddable":true,"href":"https:\/\/www.pisoengranada.es\/fr\/wp-json\/wp\/v2\/users\/1"}],"replies":[{"embeddable":true,"href":"https:\/\/www.pisoengranada.es\/fr\/wp-json\/wp\/v2\/comments?post=21421"}],"version-history":[{"count":0,"href":"https:\/\/www.pisoengranada.es\/fr\/wp-json\/wp\/v2\/pages\/21421\/revisions"}],"wp:attachment":[{"href":"https:\/\/www.pisoengranada.es\/fr\/wp-json\/wp\/v2\/media?parent=21421"}],"curies":[{"name":"wp","href":"https:\/\/api.w.org\/{rel}","templated":true}]}}