{"id":21404,"date":"2023-08-09T16:00:26","date_gmt":"2023-08-09T14:00:26","guid":{"rendered":"https:\/\/www.pisoengranada.es\/cartuja-zone\/"},"modified":"2023-08-09T16:00:26","modified_gmt":"2023-08-09T14:00:26","slug":"cartuja-zone","status":"publish","type":"page","link":"https:\/\/www.pisoengranada.es\/fr\/cartuja-zone\/","title":{"rendered":"Cartuja Zone"},"content":{"rendered":"\t\t<div data-elementor-type=\"wp-page\" data-elementor-id=\"21404\" class=\"elementor elementor-21404 elementor-20140\">\n\t\t\t\t\t\t<section class=\"elementor-section elementor-top-section elementor-element elementor-element-2908301 elementor-section-boxed elementor-section-height-default elementor-section-height-default\" data-id=\"2908301\" data-element_type=\"section\">\n\t\t\t\t\t\t<div class=\"elementor-container elementor-column-gap-default\">\n\t\t\t\t\t<div class=\"elementor-column elementor-col-100 elementor-top-column elementor-element elementor-element-272ade7\" data-id=\"272ade7\" data-element_type=\"column\">\n\t\t\t<div class=\"elementor-widget-wrap elementor-element-populated\">\n\t\t\t\t\t\t<div class=\"elementor-element elementor-element-15a3f14 elementor-widget elementor-widget-text-editor\" data-id=\"15a3f14\" data-element_type=\"widget\" data-widget_type=\"text-editor.default\">\n\t\t\t\t<div class=\"elementor-widget-container\">\n\t\t\t\t\t\t\t\t\tNotre appartement est ferm\u00e9 \u00e0 beaucoup de facult\u00e9s:\n\n<img fetchpriority=\"high\" decoding=\"async\" class=\"aligncenter wp-image-497 size-medium_large\" src=\"http:\/\/www.pisoengranada.es\/wp-content\/uploads\/2017\/01\/mapa_cartuja-768x445.png\" alt=\"Carte des Facult\u00e9s Cartuja Granada\" width=\"600\" height=\"348\">\n<blockquote>L\u2019emplacement de la carte est approximatif <a href=\"https:\/\/www.bing.com\/maps?osid=7b5ad10f-1332-4744-92da-0dc32ddac2bb&amp;cp=37.199753~-3.609781&amp;lvl=16&amp;v=2&amp;sV=2&amp;form=S00027\" target=\"_blank\" rel=\"noopener noreferrer\">Big View<\/a><\/blockquote>\nNotre appartement est situ\u00e9 \u00e0 Grenade, dans l\u2019urbanisation <strong>Parque Nueva Granada<\/strong> , dans la Calle Rosal\u00eda de Castro, \u00e0 <strong>1 minute de l\u2019INEF et \u00e0 5 minutes du campus de la Cartuja<\/strong>.\n\nDans une zone o\u00f9 vous pouvez trouver des magasins, des restaurants, des caf\u00e9t\u00e9rias et un<strong> environnement totalement<\/strong> \u00e9tudiant car il est \u00e0 c\u00f4t\u00e9 du centre \u00e9tudiant Fernando de los Rios\n\u00c0 c\u00f4t\u00e9 de notre appartement, vous avez <strong>2 arr\u00eats de bus<\/strong> disponibles. Ici vous pouvez consulter le <a href=\"http:\/\/www.transportesrober.com\/transporte\/planos.htm\">plan des lignes<\/a>:\n<ul>\n \t<li>Ligne <strong>5: Ligne<\/strong> avec arr\u00eats \u00e0 la gare routi\u00e8re, gare, Campus de Fuente Nueva et Camino de Ronda (zone pub)<\/li>\n \t<li>Ligne <strong>8: Ligne<\/strong> avec arr\u00eats \u00e0 Campus de la Cartuja, centre-ville et Zaidin (zone de bars et tapas)<\/li>\n<\/ul>\t\t\t\t\t\t\t\t<\/div>\n\t\t\t\t<\/div>\n\t\t\t\t\t<\/div>\n\t\t<\/div>\n\t\t\t\t\t<\/div>\n\t\t<\/section>\n\t\t\t\t<\/div>\n\t\t","protected":false},"excerpt":{"rendered":"<p>Notre appartement est ferm\u00e9 \u00e0 beaucoup de facult\u00e9s: L\u2019emplacement de la carte est approximatif Big View Notre appartement est situ\u00e9 \u00e0 Grenade, dans l\u2019urbanisation Parque Nueva Granada , dans la Calle Rosal\u00eda de Castro, \u00e0 1 minute de l\u2019INEF et \u00e0 5 minutes du campus de la Cartuja. Dans une zone o\u00f9 vous pouvez trouver [&hellip;]<\/p>\n","protected":false},"author":1,"featured_media":0,"parent":0,"menu_order":0,"comment_status":"closed","ping_status":"closed","template":"template\/template-homepage.php","meta":{"footnotes":""},"class_list":["post-21404","page","type-page","status-publish","hentry"],"_links":{"self":[{"href":"https:\/\/www.pisoengranada.es\/fr\/wp-json\/wp\/v2\/pages\/21404","targetHints":{"allow":["GET"]}}],"collection":[{"href":"https:\/\/www.pisoengranada.es\/fr\/wp-json\/wp\/v2\/pages"}],"about":[{"href":"https:\/\/www.pisoengranada.es\/fr\/wp-json\/wp\/v2\/types\/page"}],"author":[{"embeddable":true,"href":"https:\/\/www.pisoengranada.es\/fr\/wp-json\/wp\/v2\/users\/1"}],"replies":[{"embeddable":true,"href":"https:\/\/www.pisoengranada.es\/fr\/wp-json\/wp\/v2\/comments?post=21404"}],"version-history":[{"count":0,"href":"https:\/\/www.pisoengranada.es\/fr\/wp-json\/wp\/v2\/pages\/21404\/revisions"}],"wp:attachment":[{"href":"https:\/\/www.pisoengranada.es\/fr\/wp-json\/wp\/v2\/media?parent=21404"}],"curies":[{"name":"wp","href":"https:\/\/api.w.org\/{rel}","templated":true}]}}