{"id":21389,"date":"2023-08-09T16:00:25","date_gmt":"2023-08-09T14:00:25","guid":{"rendered":"https:\/\/www.pisoengranada.es\/chana-zone\/"},"modified":"2023-08-09T16:00:26","modified_gmt":"2023-08-09T14:00:26","slug":"chana-zone","status":"publish","type":"page","link":"https:\/\/www.pisoengranada.es\/fr\/chana-zone\/","title":{"rendered":"Chana Zone"},"content":{"rendered":"\t\t<div data-elementor-type=\"wp-page\" data-elementor-id=\"21389\" class=\"elementor elementor-21389 elementor-20135\">\n\t\t\t\t\t\t<section class=\"elementor-section elementor-top-section elementor-element elementor-element-34d00d4 elementor-section-boxed elementor-section-height-default elementor-section-height-default\" data-id=\"34d00d4\" data-element_type=\"section\" data-e-type=\"section\">\n\t\t\t\t\t\t<div class=\"elementor-container elementor-column-gap-default\">\n\t\t\t\t\t<div class=\"elementor-column elementor-col-100 elementor-top-column elementor-element elementor-element-dbcf3be\" data-id=\"dbcf3be\" data-element_type=\"column\" data-e-type=\"column\">\n\t\t\t<div class=\"elementor-widget-wrap elementor-element-populated\">\n\t\t\t\t\t\t<div class=\"elementor-element elementor-element-5dd0bd2 elementor-widget elementor-widget-text-editor\" data-id=\"5dd0bd2\" data-element_type=\"widget\" data-e-type=\"widget\" data-widget_type=\"text-editor.default\">\n\t\t\t\t<div class=\"elementor-widget-container\">\n\t\t\t\t\t\t\t\t\tNotre appartement est proche de nombreuses facult\u00e9s:\n\nL\u2019emplacement de la carte est approximatif Voir grand\n\nNotre appartement est situ\u00e9 \u00e0 Grenade, dans la rue Docteur Vaca Castro dans le Barrio de la Chana, \u00e0 5 minutes de l\u2019informatique et des <strong>t\u00e9l\u00e9communications, des beaux-arts et de Medac.<\/strong>\n\nDans une zone o\u00f9 vous pouvez trouver des magasins, des restaurants, des caf\u00e9s et une <strong>atmosph\u00e8re totalement \u00e9tudiante<\/strong>, car il est situ\u00e9 \u00e0 c\u00f4t\u00e9 de la zone principale de tapas \u00e0 Grenade.\n\u00c0 c\u00f4t\u00e9 de notre appartement, vous avez<strong> plusieurs arr\u00eats de bus<\/strong> disponibles. Ici vous pouvez v\u00e9rifier le <a href=\"http:\/\/www.transportesrober.com\/transporte\/planos.htm\" target=\"_blank\" rel=\"noopener noreferrer\">plan de ligne<\/a>\n<ul>\n \t<li><strong>Ligne 4<\/strong><\/li>\n \t<li><strong>Ligne 9<\/strong><\/li>\n \t<li><strong>Ligne 11<\/strong><\/li>\n \t<li><strong>Ligne 111<\/strong><\/li>\n<\/ul>\t\t\t\t\t\t\t\t<\/div>\n\t\t\t\t<\/div>\n\t\t\t\t\t<\/div>\n\t\t<\/div>\n\t\t\t\t\t<\/div>\n\t\t<\/section>\n\t\t\t\t<\/div>\n\t\t","protected":false},"excerpt":{"rendered":"<p>Notre appartement est proche de nombreuses facult\u00e9s: L\u2019emplacement de la carte est approximatif Voir grand Notre appartement est situ\u00e9 \u00e0 Grenade, dans la rue Docteur Vaca Castro dans le Barrio de la Chana, \u00e0 5 minutes de l\u2019informatique et des t\u00e9l\u00e9communications, des beaux-arts et de Medac. Dans une zone o\u00f9 vous pouvez trouver des magasins, [&hellip;]<\/p>\n","protected":false},"author":1,"featured_media":0,"parent":0,"menu_order":0,"comment_status":"closed","ping_status":"closed","template":"","meta":{"footnotes":""},"class_list":["post-21389","page","type-page","status-publish","hentry"],"_links":{"self":[{"href":"https:\/\/www.pisoengranada.es\/fr\/wp-json\/wp\/v2\/pages\/21389","targetHints":{"allow":["GET"]}}],"collection":[{"href":"https:\/\/www.pisoengranada.es\/fr\/wp-json\/wp\/v2\/pages"}],"about":[{"href":"https:\/\/www.pisoengranada.es\/fr\/wp-json\/wp\/v2\/types\/page"}],"author":[{"embeddable":true,"href":"https:\/\/www.pisoengranada.es\/fr\/wp-json\/wp\/v2\/users\/1"}],"replies":[{"embeddable":true,"href":"https:\/\/www.pisoengranada.es\/fr\/wp-json\/wp\/v2\/comments?post=21389"}],"version-history":[{"count":0,"href":"https:\/\/www.pisoengranada.es\/fr\/wp-json\/wp\/v2\/pages\/21389\/revisions"}],"wp:attachment":[{"href":"https:\/\/www.pisoengranada.es\/fr\/wp-json\/wp\/v2\/media?parent=21389"}],"curies":[{"name":"wp","href":"https:\/\/api.w.org\/{rel}","templated":true}]}}