{"id":21332,"date":"2023-08-09T16:00:22","date_gmt":"2023-08-09T14:00:22","guid":{"rendered":"https:\/\/www.pisoengranada.es\/centre-ville\/"},"modified":"2023-08-09T16:00:22","modified_gmt":"2023-08-09T14:00:22","slug":"centre-ville","status":"publish","type":"page","link":"https:\/\/www.pisoengranada.es\/fr\/centre-ville\/","title":{"rendered":"Centre-ville"},"content":{"rendered":"<p>L\u2019emplacement de notre appartement est imbattable \u00e0 Grenade:<\/p>\n<figure id=\"attachment_495\" aria-describedby=\"caption-attachment-495\" style=\"width: 600px\" class=\"wp-caption aligncenter\"><a href=\"http:\/\/www.pisoengranada.es\/wp-content\/uploads\/2017\/01\/mapa_arandas.png\" target=\"_blank\" rel=\"noopener noreferrer\"><img fetchpriority=\"high\" decoding=\"async\" class=\"wp-image-495 size-medium_large\" src=\"http:\/\/www.pisoengranada.es\/wp-content\/uploads\/2017\/01\/mapa_arandas-768x427.png\" width=\"600\" height=\"334\"><\/a><figcaption id=\"caption-attachment-495\" class=\"wp-caption-text\">Carte Campus Facult\u00e9s Sciences Fuentenueva Granada<\/figcaption><\/figure>\n<blockquote><p>L\u2019emplacement de la carte est approximatif&nbsp;<a href=\"https:\/\/binged.it\/2iZZyzy\" target=\"_blank\" rel=\"noopener noreferrer\">Vue en grand<\/a><\/p><\/blockquote>\n<p>Nos appartements sont situ\u00e9s au <strong>coeur de Grenade<\/strong>, \u00e0 c\u00f4t\u00e9 de la facult\u00e9 de droit et tr\u00e8s proche du <strong>campus Fuentenueva<\/strong>. Il est \u00e0 seulement 5 minutes \u00e0 pied de la <strong>cath\u00e9drale de Grenade<\/strong>.<\/p>\n<p>Dans une zone o\u00f9 vous pouvez trouver des magasins, des restaurants, des caf\u00e9s et un <strong>environnement totalement \u00e9tudiant<\/strong> Zones de loisirs, marche et une atmosph\u00e8re universitaire pour \u00eatre au c\u0153ur de la campagne urbaine.<br \/>\n\u00c0 c\u00f4t\u00e9 de notre appartement, vous avez <strong>tous les arr\u00eats de<\/strong>&nbsp; bus disponibles. Ici, vous pouvez v\u00e9rifier le <a href=\"http:\/\/www.transportesrober.com\/transporte\/lineas.htm\" target=\"_blank\" rel=\"noopener noreferrer\">plan des lignes<\/a>. Et pas plus de 10 minutes \u00e0 pied, vous avez l\u2019arr\u00eat le plus proche du futur m\u00e9tro et de la gare de Grenade<\/p>\n","protected":false},"excerpt":{"rendered":"<p>L\u2019emplacement de notre appartement est imbattable \u00e0 Grenade: L\u2019emplacement de la carte est approximatif&nbsp;Vue en grand Nos appartements sont situ\u00e9s au coeur de Grenade, \u00e0 c\u00f4t\u00e9 de la facult\u00e9 de droit et tr\u00e8s proche du campus Fuentenueva. Il est \u00e0 seulement 5 minutes \u00e0 pied de la cath\u00e9drale de Grenade. Dans une zone o\u00f9 vous [&hellip;]<\/p>\n","protected":false},"author":1,"featured_media":0,"parent":0,"menu_order":0,"comment_status":"closed","ping_status":"closed","template":"template\/template-page.php","meta":{"footnotes":""},"class_list":["post-21332","page","type-page","status-publish","hentry"],"_links":{"self":[{"href":"https:\/\/www.pisoengranada.es\/fr\/wp-json\/wp\/v2\/pages\/21332","targetHints":{"allow":["GET"]}}],"collection":[{"href":"https:\/\/www.pisoengranada.es\/fr\/wp-json\/wp\/v2\/pages"}],"about":[{"href":"https:\/\/www.pisoengranada.es\/fr\/wp-json\/wp\/v2\/types\/page"}],"author":[{"embeddable":true,"href":"https:\/\/www.pisoengranada.es\/fr\/wp-json\/wp\/v2\/users\/1"}],"replies":[{"embeddable":true,"href":"https:\/\/www.pisoengranada.es\/fr\/wp-json\/wp\/v2\/comments?post=21332"}],"version-history":[{"count":0,"href":"https:\/\/www.pisoengranada.es\/fr\/wp-json\/wp\/v2\/pages\/21332\/revisions"}],"wp:attachment":[{"href":"https:\/\/www.pisoengranada.es\/fr\/wp-json\/wp\/v2\/media?parent=21332"}],"curies":[{"name":"wp","href":"https:\/\/api.w.org\/{rel}","templated":true}]}}