{"id":20551,"date":"2023-08-06T11:11:11","date_gmt":"2023-08-06T09:11:11","guid":{"rendered":"https:\/\/www.pisoengranada.es\/facultades\/"},"modified":"2023-08-14T23:53:49","modified_gmt":"2023-08-14T21:53:49","slug":"facultades","status":"publish","type":"page","link":"https:\/\/www.pisoengranada.es\/en\/facultades\/","title":{"rendered":"Faculties"},"content":{"rendered":"\t\t<div data-elementor-type=\"wp-page\" data-elementor-id=\"20551\" class=\"elementor elementor-20551 elementor-20165\">\n\t\t\t\t\t\t<section class=\"elementor-section elementor-top-section elementor-element elementor-element-c8df33a elementor-section-boxed elementor-section-height-default elementor-section-height-default\" data-id=\"c8df33a\" data-element_type=\"section\" data-settings=\"{&quot;background_background&quot;:&quot;classic&quot;}\">\n\t\t\t\t\t\t<div class=\"elementor-container elementor-column-gap-default\">\n\t\t\t\t\t<div class=\"elementor-column elementor-col-100 elementor-top-column elementor-element elementor-element-417c9ff\" data-id=\"417c9ff\" data-element_type=\"column\">\n\t\t\t<div class=\"elementor-widget-wrap elementor-element-populated\">\n\t\t\t\t\t\t<div class=\"elementor-element elementor-element-e82fa1d elementor-widget elementor-widget-heading\" data-id=\"e82fa1d\" data-element_type=\"widget\" data-widget_type=\"heading.default\">\n\t\t\t\t<div class=\"elementor-widget-container\">\n\t\t\t\t\t<h2 class=\"elementor-heading-title elementor-size-default\">Faculties and study centres of the UGR<\/h2>\t\t\t\t<\/div>\n\t\t\t\t<\/div>\n\t\t\t\t\t<\/div>\n\t\t<\/div>\n\t\t\t\t\t<\/div>\n\t\t<\/section>\n\t\t\t\t<section class=\"elementor-section elementor-top-section elementor-element elementor-element-6f58ada elementor-section-boxed elementor-section-height-default elementor-section-height-default\" data-id=\"6f58ada\" data-element_type=\"section\">\n\t\t\t\t\t\t<div class=\"elementor-container elementor-column-gap-default\">\n\t\t\t\t\t<div class=\"elementor-column elementor-col-100 elementor-top-column elementor-element elementor-element-41ee45b\" data-id=\"41ee45b\" data-element_type=\"column\">\n\t\t\t<div class=\"elementor-widget-wrap elementor-element-populated\">\n\t\t\t\t\t\t<div class=\"elementor-element elementor-element-7aed236 elementor-widget elementor-widget-image\" data-id=\"7aed236\" data-element_type=\"widget\" data-widget_type=\"image.default\">\n\t\t\t\t<div class=\"elementor-widget-container\">\n\t\t\t\t\t\t\t\t\t\t\t\t\t\t\t<img fetchpriority=\"high\" decoding=\"async\" width=\"300\" height=\"300\" src=\"https:\/\/www.pisoengranada.es\/wp-content\/uploads\/imagen-logo-ugr.gif\" class=\"attachment-large size-large wp-image-22548\" alt=\"\" \/>\t\t\t\t\t\t\t\t\t\t\t\t\t\t\t<\/div>\n\t\t\t\t<\/div>\n\t\t\t\t\t<\/div>\n\t\t<\/div>\n\t\t\t\t\t<\/div>\n\t\t<\/section>\n\t\t\t\t<section class=\"elementor-section elementor-top-section elementor-element elementor-element-80b83e6 elementor-section-boxed elementor-section-height-default elementor-section-height-default\" data-id=\"80b83e6\" data-element_type=\"section\">\n\t\t\t\t\t\t<div class=\"elementor-container elementor-column-gap-default\">\n\t\t\t\t\t<div class=\"elementor-column elementor-col-100 elementor-top-column elementor-element elementor-element-d81f7b0\" data-id=\"d81f7b0\" data-element_type=\"column\">\n\t\t\t<div class=\"elementor-widget-wrap elementor-element-populated\">\n\t\t\t\t\t\t<div class=\"elementor-element elementor-element-316807c elementor-widget elementor-widget-text-editor\" data-id=\"316807c\" data-element_type=\"widget\" data-widget_type=\"text-editor.default\">\n\t\t\t\t<div class=\"elementor-widget-container\">\n\t\t\t\t\t\t\t\t\t&nbsp;\n\n<span id=\"Campus_de_Cartuja\" class=\"mw-headline\">The University of Granada is divided into 5 university campuses spread throughout the city. Our apartments have a privileged location due to their proximity to each of them:<\/span>\n<h2><span id=\"Campus_de_Cartuja\" class=\"mw-headline\">Campus de Cartuja<\/span><\/h2>\nIt has its access through the Paseo de Cartuja. Its educational centers are distributed in the vicinity of the old monastery of the Assumption, better known as the Cartuja de Granada, and are:\n<ul>\n \t<li><a title=\"Faculty of Sports Sciences of Granada\" href=\"https:\/\/es.wikipedia.org\/wiki\/Facultad_de_Ciencias_del_Deporte_de_Granada\" target=\"_blank\" rel=\"noopener\">Faculty of Sports Sciences<\/a> &#8211; <a href=\"http:\/\/www.pisoengranada.es\/tag\/cartuja\/\">Rooms near this faculty<\/a><\/li>\n \t<li><a title=\"Faculty of Economic and Business Sciences of Granada\" href=\"https:\/\/es.wikipedia.org\/wiki\/Facultad_de_Ciencias_Econ%C3%B3micas_y_Empresariales_de_Granada\" target=\"_blank\" rel=\"noopener\">Faculty of Economic and Business Sciences<\/a> &#8211; <a href=\"http:\/\/www.pisoengranada.es\/tag\/cartuja\/\">Rooms near this faculty<\/a><\/li>\n \t<li><a title=\"Faculty of Education Sciences of Granada\" href=\"https:\/\/es.wikipedia.org\/wiki\/Facultad_de_Ciencias_de_la_Educaci%C3%B3n_de_Granada\" target=\"_blank\" rel=\"noopener\">Faculty of Educational Sciences<\/a> &#8211; <a href=\"http:\/\/www.pisoengranada.es\/tag\/cartuja\/\">Rooms near this faculty<\/a><\/li>\n \t<li><a title=\"Faculty of Communication and Documentation of Granada\" href=\"https:\/\/es.wikipedia.org\/wiki\/Facultad_de_Comunicaci%C3%B3n_y_Documentaci%C3%B3n_de_Granada\" target=\"_blank\" rel=\"noopener\">Faculty of Communication and Documentation<\/a> &#8211; <a href=\"http:\/\/www.pisoengranada.es\/tag\/cartuja\/\">Rooms near this faculty<\/a><\/li>\n \t<li><a title=\"Faculty of Pharmacy of Granada\" href=\"https:\/\/es.wikipedia.org\/wiki\/Facultad_de_Farmacia_de_Granada\" target=\"_blank\" rel=\"noopener\">Faculty of Pharmacy<\/a> &#8211; <a href=\"http:\/\/www.pisoengranada.es\/tag\/cartuja\/\">Rooms near this faculty<\/a><\/li>\n \t<li><a title=\"Faculty of Philosophy and Letters of Granada\" href=\"https:\/\/es.wikipedia.org\/wiki\/Facultad_de_Filosof%C3%ADa_y_Letras_de_Granada\" target=\"_blank\" rel=\"noopener\">Faculty of Philosophy and Letters<\/a> &#8211; <a href=\"http:\/\/www.pisoengranada.es\/tag\/cartuja\/\">Rooms near this faculty<\/a><\/li>\n \t<li><a title=\"Faculty of Dentistry of Granada\" href=\"https:\/\/es.wikipedia.org\/wiki\/Facultad_de_Odontolog%C3%ADa_de_Granada\" target=\"_blank\" rel=\"noopener\">Faculty of Dentistry<\/a> &#8211; <a href=\"http:\/\/www.pisoengranada.es\/tag\/cartuja\/\">Rooms near this faculty<\/a><\/li>\n \t<li><a title=\"Faculty of Psychology of Granada\" href=\"https:\/\/es.wikipedia.org\/wiki\/Facultad_de_Psicolog%C3%ADa_de_Granada\" target=\"_blank\" rel=\"noopener\">Faculty of Psychology<\/a> &#8211; <a href=\"http:\/\/www.pisoengranada.es\/tag\/cartuja\/\">Rooms near this faculty<\/a><\/li>\n<\/ul>\nOur <strong><a href=\"http:\/\/www.pisoengranada.es\/caracteristicas-piso-en-cartuja\/\">Cartuja apartment<\/a> <\/strong>is located just 15 minutes walk from the <strong>Cartuja Campus<\/strong>, being one of the closest floors to that location.\n<h2><span id=\"Campus_Centro\" class=\"mw-headline\">Center Campus<\/span><\/h2>\nIt is an urban campus, whose centers are distributed throughout different parts of the center of the city of Granada. The following faculties are located on this campus:\n<ul>\n \t<li><a title=\"School of Architecture (University of Granada)\" href=\"https:\/\/es.wikipedia.org\/wiki\/Escuela_T%C3%A9cnica_Superior_de_Arquitectura_(Universidad_de_Granada)\" target=\"_blank\" rel=\"noopener\">Escuela T\u00e9cnica Superior de Arquitectura<\/a> &#8211; <a href=\"http:\/\/www.pisoengranada.es\/tag\/centro\/\">Rooms near this faculty<\/a><\/li>\n \t<li><a title=\"Faculty of Political Science and Sociology of Granada\" href=\"https:\/\/es.wikipedia.org\/wiki\/Facultad_de_Ciencias_Pol%C3%ADticas_y_Sociolog%C3%ADa_de_Granada\" target=\"_blank\" rel=\"noopener\">Faculty of Political Science and Sociology<\/a> &#8211; <a href=\"http:\/\/www.pisoengranada.es\/tag\/centro\/\">Rooms near this faculty<\/a><\/li>\n \t<li><a title=\"Faculty of Labour Sciences of Granada\" href=\"https:\/\/es.wikipedia.org\/wiki\/Facultad_de_Ciencias_del_Trabajo_de_Granada\" target=\"_blank\" rel=\"noopener\">Faculty of Labour Sciences<\/a> &#8211; <a href=\"http:\/\/www.pisoengranada.es\/tag\/centro\/\">Rooms near this faculty<\/a><\/li>\n \t<li><a title=\"Faculty of Law of Granada\" href=\"https:\/\/es.wikipedia.org\/wiki\/Facultad_de_Derecho_de_Granada\" target=\"_blank\" rel=\"noopener\">Faculty of Law<\/a> &#8211; <a href=\"http:\/\/www.pisoengranada.es\/tag\/centro\/\">Rooms near this faculty<\/a><\/li>\n \t<li><a title=\"Faculty of Social Work of Granada\" href=\"https:\/\/es.wikipedia.org\/wiki\/Facultad_de_Trabajo_Social_de_Granada\" target=\"_blank\" rel=\"noopener\">Faculty of Social Work<\/a> &#8211; <a href=\"http:\/\/www.pisoengranada.es\/tag\/centro\/\">Rooms near this faculty<\/a><\/li>\n \t<li><a title=\"Faculty of Translation and Interpreting of the University of Granada\" href=\"https:\/\/es.wikipedia.org\/wiki\/Facultad_de_Traducci%C3%B3n_e_Interpretaci%C3%B3n_de_la_Universidad_de_Granada\">Faculty of Translation and Interpreting<\/a> &#8211; <a href=\"http:\/\/www.pisoengranada.es\/tag\/centro\/\">Rooms near this faculty<\/a><\/li>\n<\/ul>\nOur <a href=\"\/caracteristicas-piso-estudiantes-centro-granada\/\">\n  <strong>apartment in the<\/strong>\n<\/a> Center of the Center of Granada is between 2 and 5 minutes walk from all these faculties that are scattered throughout the center of the city.\n<h2><span id=\"Campus_de_Fuentenueva\" class=\"mw-headline\">Campus de Fuentenueva<\/span><\/h2>\nAlso called Science Campus. It is located on Doctor Severo Ochoa Street, near the Granada Train Station, also having access by the Camino de Ronda, through Gonzalo Gallas Street. The centers that compose it are:\n<ul>\n \t<li><a title=\"Faculty of Sciences of Granada\" href=\"https:\/\/es.wikipedia.org\/wiki\/Facultad_de_Ciencias_de_Granada\" target=\"_blank\" rel=\"noopener\">Faculty of Science<\/a> &#8211; <a href=\"http:\/\/www.pisoengranada.es\/tag\/centro\/\">Rooms near this faculty<\/a><\/li>\n \t<li><a title=\"School of Building Engineering of Granada\" href=\"https:\/\/es.wikipedia.org\/wiki\/Escuela_T%C3%A9cnica_Superior_de_Ingenier%C3%ADa_de_Edificaci%C3%B3n_de_Granada\" target=\"_blank\" rel=\"noopener\">Escuela T\u00e9cnica Superior de Ingenier\u00eda de la Edificaci\u00f3n<\/a> &#8211; <a href=\"http:\/\/www.pisoengranada.es\/tag\/centro\/\">Rooms near this faculty<\/a><\/li>\n \t<li><a title=\"School of Civil Engineering of Granada\" href=\"https:\/\/es.wikipedia.org\/wiki\/Escuela_T%C3%A9cnica_Superior_de_Ingenier%C3%ADa_de_Caminos,_Canales_y_Puertos_de_Granada\" target=\"_blank\" rel=\"noopener\">Escuela T\u00e9cnica Superior de Ingenier\u00eda de Caminos, Canals y Puertos<\/a> &#8211; <a href=\"http:\/\/www.pisoengranada.es\/tag\/centro\/\">Rooms near this faculty<\/a><\/li>\n<\/ul>\nScientific research centres are also located on the Fuentenueva Campus, as well as sports and leisure facilities. It is crossed by the well-known University Park of Fuentenueva, which communicates in a straight line the Camino de Ronda with the city center. The Fuentenueva Campus is home to one of the Granada Metro stops.\n\nOur apartment in the Center of <a href=\"\/caracteristicas-piso-estudiantes-centro-granada\/\">\n  <strong>the Center<\/strong>\n<\/a> of Granada is located just 12 minutes walk from this Campus.\n<h2><span id=\"Campus_de_Aynadamar\" class=\"mw-headline\">Campus de Aynadamar<\/span><\/h2>\nIt is located in the Cerrillo neighborhood of Maracena, on the outskirts of the city. What makes it an area not very suitable for living:\n<ul>\n \t<li><a title=\"Faculty of Fine Arts of Granada\" href=\"https:\/\/es.wikipedia.org\/wiki\/Facultad_de_Bellas_Artes_de_Granada\" target=\"_blank\" rel=\"noopener\">Faculty of Fine Arts<\/a> &#8211; <a href=\"http:\/\/www.pisoengranada.es\/tag\/centro\/\">Rooms near this faculty<\/a><\/li>\n \t<li><a title=\"School of Computer Engineering and Telecommunications of Granada\" href=\"https:\/\/es.wikipedia.org\/wiki\/Escuela_T%C3%A9cnica_Superior_de_Ingenier%C3%ADas_Inform%C3%A1tica_y_de_Telecomunicaci%C3%B3n_de_Granada\" target=\"_blank\" rel=\"noopener\">Escuela T\u00e9cnica Superior de Ingenier\u00edas Inform\u00e1tica y de Telecomunicaci\u00f3n<\/a> &#8211; <a href=\"http:\/\/www.pisoengranada.es\/tag\/chana\/\">Rooms near this faculty<\/a><\/li>\n \t<li><a title=\"Medac Granada\" href=\"https:\/\/medac.es\/fp-granada\" target=\"_blank\" rel=\"noopener\">Medac Granada<\/a> &#8211; <a href=\"http:\/\/www.pisoengranada.es\/tag\/chana\/\">Rooms near this center<\/a><\/li>\n<\/ul>\nThe fastest way to get to this campus from our apartments is using the <strong>U1<\/strong> urban bus line from our <strong><a href=\"\/caracteristicas-piso-en-cartuja\/\">Cartuja<\/a> <\/strong>apartment and the <strong>N3<\/strong> and the urban metro line from our <a href=\"\/caracteristicas-piso-estudiantes-centro-granada\/\">\n  <strong>downtown apartment<\/strong>\n<\/a>\n<h2><span id=\"Campus_Ciencias_de_la_Salud\" class=\"mw-headline\">Health Sciences Campus<\/span><\/h2>\nIt is integrated into the <a title=\"Health Sciences Technology Park\" href=\"https:\/\/es.wikipedia.org\/wiki\/Parque_Tecnol%C3%B3gico_de_Ciencias_de_la_Salud\">Health Sciences Technology Park<\/a>, a complex located on the outskirts of the capital of Granada. It is an innovative technological space specialized in the research and development of pharmaceutical, biosanitary and agri-food industries, currently having more than twelve operational research centers and almost a hundred companies and institutions.\n\nIn this campus are located the centers that teach the studies of health sciences and are:\n<ul>\n \t<li><a title=\"Faculty of Health Sciences of the University of Granada\" href=\"https:\/\/es.wikipedia.org\/wiki\/Facultad_de_Ciencias_de_la_Salud_de_la_Universidad_de_Granada\" target=\"_blank\" rel=\"noopener\">Faculty of Health Sciences<\/a> &#8211; <a href=\"http:\/\/www.pisoengranada.es\/tag\/centro\/\">Rooms near this faculty<\/a><\/li>\n \t<li><a title=\"Faculty of Medicine of the University of Granada\" href=\"https:\/\/es.wikipedia.org\/wiki\/Facultad_de_Medicina_de_la_Universidad_de_Granada\" target=\"_blank\" rel=\"noopener\">Faculty of Medicine<\/a> &#8211; <a href=\"http:\/\/www.pisoengranada.es\/tag\/centro\/\">Rooms near this faculty<\/a><\/li>\n<\/ul>\nSoon the Faculties of <a title=\"Faculty of Pharmacy of the University of Granada\" href=\"https:\/\/es.wikipedia.org\/wiki\/Facultad_de_Farmacia_de_la_Universidad_de_Granada\">Pharmacy<\/a> and <a title=\"Faculty of Dentistry of the University of Granada\" href=\"https:\/\/es.wikipedia.org\/wiki\/Facultad_de_Odontolog%C3%ADa_de_la_Universidad_de_Granada\">Dentistry<\/a> will move to this campus.\n\nCurrently it is not possible to live in this area, so we recommend getting to this campus from our apartments using the <strong>U3<\/strong> urban bus line and the urban metro line from our <strong><a href=\"\/caracteristicas-piso-en-cartuja\/\">Cartuja<\/a> <\/strong>apartment and the <strong>SN4<\/strong> from our <a href=\"\/caracteristicas-piso-estudiantes-centro-granada\/\">\n  <strong>downtown apartment<\/strong>\n<\/a>\n\t\t\t\t\t\t\t\t<\/div>\n\t\t\t\t<\/div>\n\t\t\t\t\t<\/div>\n\t\t<\/div>\n\t\t\t\t\t<\/div>\n\t\t<\/section>\n\t\t\t\t<section class=\"elementor-section elementor-top-section elementor-element elementor-element-8b82328 elementor-section-boxed elementor-section-height-default elementor-section-height-default\" data-id=\"8b82328\" data-element_type=\"section\">\n\t\t\t\t\t\t<div class=\"elementor-container elementor-column-gap-default\">\n\t\t\t\t\t<div class=\"elementor-column elementor-col-100 elementor-top-column elementor-element elementor-element-6ccf185\" data-id=\"6ccf185\" data-element_type=\"column\">\n\t\t\t<div class=\"elementor-widget-wrap elementor-element-populated\">\n\t\t\t\t\t\t<div class=\"elementor-element elementor-element-7f98441 elementor-widget elementor-widget-heading\" data-id=\"7f98441\" data-element_type=\"widget\" data-widget_type=\"heading.default\">\n\t\t\t\t<div class=\"elementor-widget-container\">\n\t\t\t\t\t<h2 class=\"elementor-heading-title elementor-size-default\"><h2 style=\"text-transform: none\">Location of our downtown apartment&nbsp;<\/h2><\/h2>\t\t\t\t<\/div>\n\t\t\t\t<\/div>\n\t\t\t\t\t<\/div>\n\t\t<\/div>\n\t\t\t\t\t<\/div>\n\t\t<\/section>\n\t\t\t\t<section class=\"elementor-section elementor-top-section elementor-element elementor-element-f5d1976 elementor-section-boxed elementor-section-height-default elementor-section-height-default\" data-id=\"f5d1976\" data-element_type=\"section\">\n\t\t\t\t\t\t<div class=\"elementor-container elementor-column-gap-default\">\n\t\t\t\t\t<div class=\"elementor-column elementor-col-100 elementor-top-column elementor-element elementor-element-17dc2a4\" data-id=\"17dc2a4\" data-element_type=\"column\">\n\t\t\t<div class=\"elementor-widget-wrap elementor-element-populated\">\n\t\t\t\t\t\t<div class=\"elementor-element elementor-element-001b367 elementor-widget elementor-widget-image\" data-id=\"001b367\" data-element_type=\"widget\" data-widget_type=\"image.default\">\n\t\t\t\t<div class=\"elementor-widget-container\">\n\t\t\t\t\t\t\t\t\t\t\t\t\t\t\t<img decoding=\"async\" width=\"960\" height=\"534\" src=\"https:\/\/www.pisoengranada.es\/wp-content\/uploads\/mapa-centro.png\" class=\"attachment-large size-large wp-image-22935\" alt=\"\" srcset=\"https:\/\/www.pisoengranada.es\/wp-content\/uploads\/mapa-centro.png 960w, https:\/\/www.pisoengranada.es\/wp-content\/uploads\/mapa-centro-300x167.png 300w, https:\/\/www.pisoengranada.es\/wp-content\/uploads\/mapa-centro-768x427.png 768w, https:\/\/www.pisoengranada.es\/wp-content\/uploads\/mapa-centro-496x276.png 496w, https:\/\/www.pisoengranada.es\/wp-content\/uploads\/mapa-centro-600x334.png 600w\" sizes=\"(max-width: 960px) 100vw, 960px\" \/>\t\t\t\t\t\t\t\t\t\t\t\t\t\t\t<\/div>\n\t\t\t\t<\/div>\n\t\t\t\t<div class=\"elementor-element elementor-element-03561cb elementor-align-center elementor-widget elementor-widget-button\" data-id=\"03561cb\" data-element_type=\"widget\" data-widget_type=\"button.default\">\n\t\t\t\t<div class=\"elementor-widget-container\">\n\t\t\t\t\t\t\t\t\t<div class=\"elementor-button-wrapper\">\n\t\t\t\t\t<a class=\"elementor-button elementor-button-link elementor-size-sm\" href=\"https:\/\/binged.it\/2iZZyzy\">\n\t\t\t\t\t\t<span class=\"elementor-button-content-wrapper\">\n\t\t\t\t\t\t\t\t\t<span class=\"elementor-button-text\">See the map on the page to check times<\/span>\n\t\t\t\t\t<\/span>\n\t\t\t\t\t<\/a>\n\t\t\t\t<\/div>\n\t\t\t\t\t\t\t\t<\/div>\n\t\t\t\t<\/div>\n\t\t\t\t\t<\/div>\n\t\t<\/div>\n\t\t\t\t\t<\/div>\n\t\t<\/section>\n\t\t\t\t<section class=\"elementor-section elementor-top-section elementor-element elementor-element-dbe1f81 elementor-section-boxed elementor-section-height-default elementor-section-height-default\" data-id=\"dbe1f81\" data-element_type=\"section\">\n\t\t\t\t\t\t<div class=\"elementor-container elementor-column-gap-default\">\n\t\t\t\t\t<div class=\"elementor-column elementor-col-100 elementor-top-column elementor-element elementor-element-c86431b\" data-id=\"c86431b\" data-element_type=\"column\">\n\t\t\t<div class=\"elementor-widget-wrap elementor-element-populated\">\n\t\t\t\t\t\t<div class=\"elementor-element elementor-element-1a394d3 elementor-widget elementor-widget-text-editor\" data-id=\"1a394d3\" data-element_type=\"widget\" data-widget_type=\"text-editor.default\">\n\t\t\t\t<div class=\"elementor-widget-container\">\n\t\t\t\t\t\t\t\t\t<h2 style=\"text-transform: none;\">Location of our apartment on the Cartuja Campus<\/h2>\n\t\t\t\t\t\t\t\t<\/div>\n\t\t\t\t<\/div>\n\t\t\t\t\t<\/div>\n\t\t<\/div>\n\t\t\t\t\t<\/div>\n\t\t<\/section>\n\t\t\t\t<section class=\"elementor-section elementor-top-section elementor-element elementor-element-ee51adf elementor-section-boxed elementor-section-height-default elementor-section-height-default\" data-id=\"ee51adf\" data-element_type=\"section\">\n\t\t\t\t\t\t<div class=\"elementor-container elementor-column-gap-default\">\n\t\t\t\t\t<div class=\"elementor-column elementor-col-100 elementor-top-column elementor-element elementor-element-6b01eeb\" data-id=\"6b01eeb\" data-element_type=\"column\">\n\t\t\t<div class=\"elementor-widget-wrap elementor-element-populated\">\n\t\t\t\t\t\t<div class=\"elementor-element elementor-element-8bed940 elementor-widget elementor-widget-image\" data-id=\"8bed940\" data-element_type=\"widget\" data-widget_type=\"image.default\">\n\t\t\t\t<div class=\"elementor-widget-container\">\n\t\t\t\t\t\t\t\t\t\t\t\t\t\t\t<img decoding=\"async\" width=\"960\" height=\"556\" src=\"https:\/\/www.pisoengranada.es\/wp-content\/uploads\/mapa-cartuja.png\" class=\"attachment-large size-large wp-image-22575\" alt=\"\" srcset=\"https:\/\/www.pisoengranada.es\/wp-content\/uploads\/mapa-cartuja.png 960w, https:\/\/www.pisoengranada.es\/wp-content\/uploads\/mapa-cartuja-300x174.png 300w, https:\/\/www.pisoengranada.es\/wp-content\/uploads\/mapa-cartuja-768x445.png 768w, https:\/\/www.pisoengranada.es\/wp-content\/uploads\/mapa-cartuja-496x287.png 496w, https:\/\/www.pisoengranada.es\/wp-content\/uploads\/mapa-cartuja-600x348.png 600w\" sizes=\"(max-width: 960px) 100vw, 960px\" \/>\t\t\t\t\t\t\t\t\t\t\t\t\t\t\t<\/div>\n\t\t\t\t<\/div>\n\t\t\t\t<div class=\"elementor-element elementor-element-8545a23 elementor-align-center elementor-widget elementor-widget-button\" data-id=\"8545a23\" data-element_type=\"widget\" data-widget_type=\"button.default\">\n\t\t\t\t<div class=\"elementor-widget-container\">\n\t\t\t\t\t\t\t\t\t<div class=\"elementor-button-wrapper\">\n\t\t\t\t\t<a class=\"elementor-button elementor-button-link elementor-size-sm\" href=\"https:\/\/binged.it\/2iF1wJq\">\n\t\t\t\t\t\t<span class=\"elementor-button-content-wrapper\">\n\t\t\t\t\t\t\t\t\t<span class=\"elementor-button-text\">See the map on the page to check times<\/span>\n\t\t\t\t\t<\/span>\n\t\t\t\t\t<\/a>\n\t\t\t\t<\/div>\n\t\t\t\t\t\t\t\t<\/div>\n\t\t\t\t<\/div>\n\t\t\t\t\t<\/div>\n\t\t<\/div>\n\t\t\t\t\t<\/div>\n\t\t<\/section>\n\t\t\t\t<\/div>\n\t\t","protected":false},"excerpt":{"rendered":"<p>Faculties and study centres of the UGR &nbsp; The University of Granada is divided into 5 university campuses spread throughout the city. Our apartments have a privileged location due to their proximity to each of them: Campus de Cartuja It has its access through the Paseo de Cartuja. Its educational centers are distributed in the [&hellip;]<\/p>\n","protected":false},"author":1,"featured_media":0,"parent":0,"menu_order":0,"comment_status":"closed","ping_status":"closed","template":"template\/template-homepage.php","meta":{"footnotes":""},"class_list":["post-20551","page","type-page","status-publish","hentry"],"_links":{"self":[{"href":"https:\/\/www.pisoengranada.es\/en\/wp-json\/wp\/v2\/pages\/20551","targetHints":{"allow":["GET"]}}],"collection":[{"href":"https:\/\/www.pisoengranada.es\/en\/wp-json\/wp\/v2\/pages"}],"about":[{"href":"https:\/\/www.pisoengranada.es\/en\/wp-json\/wp\/v2\/types\/page"}],"author":[{"embeddable":true,"href":"https:\/\/www.pisoengranada.es\/en\/wp-json\/wp\/v2\/users\/1"}],"replies":[{"embeddable":true,"href":"https:\/\/www.pisoengranada.es\/en\/wp-json\/wp\/v2\/comments?post=20551"}],"version-history":[{"count":0,"href":"https:\/\/www.pisoengranada.es\/en\/wp-json\/wp\/v2\/pages\/20551\/revisions"}],"wp:attachment":[{"href":"https:\/\/www.pisoengranada.es\/en\/wp-json\/wp\/v2\/media?parent=20551"}],"curies":[{"name":"wp","href":"https:\/\/api.w.org\/{rel}","templated":true}]}}